{"id":59925,"date":"2018-02-21T08:54:37","date_gmt":"2018-02-21T13:54:37","guid":{"rendered":"https:\/\/wajaxmh.wpenginepowered.com\/accueil\/"},"modified":"2026-05-04T16:45:58","modified_gmt":"2026-05-04T20:45:58","slug":"accueil","status":"publish","type":"page","link":"https:\/\/mh.wajax.com\/fr\/","title":{"rendered":"Accueil"},"content":{"rendered":"\n\n\t\t<ul>\n\t\t\t\t<li>\n\t\t\t<img decoding=\"async\" loading=\"false\" src=\"https:\/\/mh.wajax.com\/wp-content\/uploads\/2024\/12\/1-2-1.jpg\" alt=\"\" \/>\t\t\t\n\t\t\t\t<h1>UNE ENTREPRISE CANADIENNE \u00c0 100 %<\/h1>\n<p>Des entrep\u00f4ts aux chantiers, Wajax propose des \u00e9quipements neufs, d&rsquo;occasion et de location des plus grandes marques, soutenus par des services d&rsquo;entretien et de pi\u00e8ces offerts d&rsquo;un oc\u00e9an \u00e0 l&rsquo;autre.<\/p>\n\t\t\t<a href=\"https:\/\/mh.wajax.com\/fr\/new-equipment\/\"  target=\"_self\">\n\t\t\t\t\t\t\tEXPLOREZ NOS \u00c9QUIPEMENTS NEUFS\n\t\t\t<\/a>\n\t\t<\/li>\n\t\t\t<li>\n\t\t\t<img decoding=\"async\" loading=\"false\" src=\"https:\/\/mh.wajax.com\/wp-content\/uploads\/2024\/12\/23-10398_WAC_About-Webpage-Update_HeroImage_00_ImageOption-A.jpg\" alt=\"\" \/>\t\t\t\n\t\t\t\t<h1><strong>NOS EMPLOY\u00c9S NOUS DISTINGUENT<\/strong><strong>.<\/strong><\/h1>\n<p>Nos employ\u00e9s sont le c\u0153ur de Wajax. Ce sont des gens qui offrent une expertise et des services hors pair, qui mettent au point des solutions techniques innovantes et qui s&rsquo;engagent \u00e0 promouvoir l&rsquo;avancement de l&rsquo;industrie canadienne, et ce, quel que soit le d\u00e9fi. <\/p>\n\t\t\t<a href=\"https:\/\/mh.wajax.com\/about\/\"  target=\"_self\">\n\t\t\t\t\t\t\t\u00c0 PROPOS DE WAJAX\n\t\t\t<\/a>\n\t\t<\/li>\n\t\t<\/ul>\n\t<a href=\"https:\/\/mh.wajax.com\/fr\/new-equipment\/\" target=\"_self\"  aria-label=\"Aller \u00e0 https:\/\/mh.wajax.com\/fr\/new-equipment\/\"><\/a>\n\t\t\t\t<img decoding=\"async\" src=\"https:\/\/mh.wajax.com\/wp-content\/uploads\/2025\/03\/New-Equipment-icon.svg\" alt=\"New Equipment icon\" title=\"New Equipment icon\" itemprop=\"image\"\/>\n\t\t<h3>\u00c9quipement neuf<\/h3>\t\t\t\n\t\t\t\t<p>VOIR L&rsquo;\u00c9QUIPEMENT \u203a<\/p>\n\t<a href=\"https:\/\/mh.wajax.com\/fr\/used-equipment\/\" target=\"_self\"  aria-label=\"Aller \u00e0 https:\/\/mh.wajax.com\/fr\/used-equipment\/\"><\/a>\n\t\t\t\t<img decoding=\"async\" src=\"https:\/\/mh.wajax.com\/wp-content\/uploads\/2025\/03\/Used-Equipment-Icon.svg\" alt=\"Used Equipment Icon\" title=\"Used Equipment Icon\" itemprop=\"image\"\/>\n\t\t<h3>\u00c9quipement usag\u00e9<\/h3>\t\t\t\n\t\t\t\t<p>VOIR L&rsquo;\u00c9QUIPEMENT \u203a<\/p>\n\t<a href=\"https:\/\/mh.wajax.com\/rental\/\" target=\"_self\"  aria-label=\"Aller \u00e0 https:\/\/mh.wajax.com\/rental\/\"><\/a>\n\t\t\t\t<img decoding=\"async\" src=\"https:\/\/mh.wajax.com\/wp-content\/uploads\/2025\/03\/Rental-Equipment-Icon.svg\" alt=\"Rental Equipment Icon\" title=\"Rental Equipment Icon\" itemprop=\"image\"\/>\n\t\t<h3>\u00c9quipement de location<\/h3>\t\t\t\n\t\t\t\t<p>VOIR L&rsquo;\u00c9QUIPEMENT \u203a<\/p>\n\t<a href=\"https:\/\/mh.wajax.com\/parts\/\" target=\"_self\"  aria-label=\"Aller \u00e0 https:\/\/mh.wajax.com\/parts\/\"><\/a>\n\t\t<h3>Pi\u00e8ces<\/h3>\t\t\t\n\t\t\t\t<p>En savoir plus \u203a<\/p>\n\t<a href=\"https:\/\/mh.wajax.com\/service\/\" target=\"_self\"  aria-label=\"Aller \u00e0 https:\/\/mh.wajax.com\/service\/\"><\/a>\n\t\t<h3>Service<\/h3>\t\t\t\n\t\t\t\t<p>En savoir plus \u203a<\/p>\n\t\t\t\t\t\t\t\t\t<img loading=\"lazy\" decoding=\"async\" src=\"https:\/\/mh.wajax.com\/wp-content\/uploads\/2026\/05\/WJX5926MHwebbannerfinal2.jpg\" alt=\"WJX5926MHwebbannerfinal2\" itemprop=\"image\" height=\"6013\" width=\"10667\" srcset=\"https:\/\/mh.wajax.com\/wp-content\/uploads\/2026\/05\/WJX5926MHwebbannerfinal2.jpg 10667w, https:\/\/mh.wajax.com\/wp-content\/uploads\/2026\/05\/WJX5926MHwebbannerfinal2-300x169.jpg 300w, https:\/\/mh.wajax.com\/wp-content\/uploads\/2026\/05\/WJX5926MHwebbannerfinal2-1024x577.jpg 1024w, https:\/\/mh.wajax.com\/wp-content\/uploads\/2026\/05\/WJX5926MHwebbannerfinal2-768x433.jpg 768w, https:\/\/mh.wajax.com\/wp-content\/uploads\/2026\/05\/WJX5926MHwebbannerfinal2-1536x866.jpg 1536w\" sizes=\"auto, (max-width: 10667px) 100vw, 10667px\" title=\"WJX5926MHwebbannerfinal2\" onerror=\"this.style.display='none'\"  \/>\n<h4  id=\"sale-subhead\">\n\t\t\tOFFRE \u00c0 DUR\u00c9E LIMIT\u00c9E\t<\/h4>\n\t<h2>\n\t\t\t\tPrime de protection pour chariots \u00e9l\u00e9vateurs\n\t\t\t<\/h2>\n\t\t\t<p><strong>Jusqu&rsquo;au 30 juin 2026, profitez d&rsquo;une tranquillit\u00e9 d&rsquo;esprit accrue avec chaque achat d&rsquo;un Hyster H50A.<\/strong>\u00a0Nous incluons une\u00a0<strong>garantie prolong\u00e9e gratuite de 5 ans<\/strong>, sans frais suppl\u00e9mentaires.<\/p>\t\n\t\t\t<a href=\"https:\/\/mh.wajax.com\/fr\/promo\/protection-en-prime-pour-vos-chariots-elevateurs\/\" title=\"Profitez de l'offre\" target=\"_self\"   role=\"button\" aria-label=\"Profitez de l'offre\">\n\t\t\t\t\t\t\tProfitez de l&rsquo;offre\n\t\t<\/a>\n\t\t\t<h2>Des marques et des services de classe mondiale<\/h2>\t\t\t\n\t\t\t\t<p>Aujourd&rsquo;hui, nous offrons un vaste \u00e9ventail de marques, de produits et de services de classe mondiale afin de soutenir les industries qui sont au c\u0153ur de l&rsquo;\u00e9conomie canadienne et qui b\u00e2tissent nos villes, alimentent nos entreprises ainsi que logent et nourrissent nos communaut\u00e9s. Depuis plus d&rsquo;un si\u00e8cle, Wajax est au c\u0153ur du paysage industriel canadien. Notre histoire ne repose pas seulement sur les machines et la technologie, mais aussi sur les personnes qui donnent vie \u00e0 notre vision.  <\/p>\n\t\t\t<a href=\"https:\/\/mh.wajax.com\/about\/\" title=\"\u00c0 PROPOS DE WAJAX\" target=\"_self\"   role=\"button\" aria-label=\"\u00c0 PROPOS DE WAJAX\">\n\t\t\t\t\t\t\t\u00c0 PROPOS DE WAJAX\n\t\t<\/a>\n<figure itemscope itemtype=\"https:\/\/schema.org\/ImageObject\">\n\t\t\t\t<img decoding=\"async\" src=\"https:\/\/mh.wajax.com\/wp-content\/uploads\/2025\/01\/hyster-logo.svg\" alt=\"hyster-logo\" title=\"hyster-logo\" onerror=\"this.style.display='none'\" loading=\"lazy\" \/>\n\t<\/figure>\n<figure itemscope itemtype=\"https:\/\/schema.org\/ImageObject\">\n\t\t\t\t<img decoding=\"async\" src=\"https:\/\/mh.wajax.com\/wp-content\/uploads\/2025\/01\/Yale_Logo-Reverse-NoTag.svg\" alt=\"Yale_Logo-Reverse-NoTag\" title=\"Yale_Logo-Reverse-NoTag\" onerror=\"this.style.display='none'\" loading=\"lazy\" \/>\n\t<\/figure>\n<figure itemscope itemtype=\"https:\/\/schema.org\/ImageObject\">\n\t\t\t\t<img decoding=\"async\" src=\"https:\/\/mh.wajax.com\/wp-content\/uploads\/2024\/12\/White-Background-with-Orange-PB-Logo-and-Grey-POC-300x66-1.png\" alt=\"White-Background-with-Orange-PB-Logo-and-Grey-POC-300x66\" height=\"66\" width=\"300\" title=\"White-Background-with-Orange-PB-Logo-and-Grey-POC-300x66\" onerror=\"this.style.display='none'\" loading=\"lazy\" \/>\n\t<\/figure>\n<figure itemscope itemtype=\"https:\/\/schema.org\/ImageObject\">\n\t\t\t\t<img decoding=\"async\" src=\"https:\/\/mh.wajax.com\/wp-content\/uploads\/2024\/12\/Columbia-logo-1-300x56-1.png\" alt=\"Columbia-logo-1-300x56\" height=\"56\" width=\"300\" title=\"Columbia-logo-1-300x56\" onerror=\"this.style.display='none'\" loading=\"lazy\" \/>\n\t<\/figure>\n<figure itemscope itemtype=\"https:\/\/schema.org\/ImageObject\">\n\t\t\t\t<img decoding=\"async\" src=\"https:\/\/mh.wajax.com\/wp-content\/uploads\/2024\/12\/mafi-logo-300x96-1.png\" alt=\"mafi-logo-300x96\" height=\"96\" width=\"300\" title=\"mafi-logo-300x96\" onerror=\"this.style.display='none'\" loading=\"lazy\" \/>\n\t<\/figure>\n\t\t\t<h3>\u00c9quipement neuf<\/h3>\t\t\t\n\t\t\t\t<p>Nous sommes l\u00e0 pour vous aider \u00e0 trouver la meilleure solution. D\u00e9couvrez notre vaste \u00e9ventail de produits et de solutions adapt\u00e9s \u00e0 tous les travaux, dans tous les secteurs d&rsquo;activit\u00e9. <\/p>\n\t\t\t<a href=\"\/fr\/new-equipment\/\" title=\"Voir tous les \u00e9quipements neufs\" target=\"_self\"   role=\"button\" aria-label=\"Voir tous les \u00e9quipements neufs\">\n\t\t\t\t\t\t\tVoir tous les \u00e9quipements neufs\n\t\t<\/a>\n\t<a href=\"https:\/\/mh.wajax.com\/fr\/new-equipment\/?_equipment_category=chariots-elevateurs-et-chariots-elevateurs-a-fourche\" target=\"_self\"  aria-label=\"Aller \u00e0 https:\/\/mh.wajax.com\/fr\/new-equipment\/?_equipment_category=chariots-elevateurs-et-chariots-elevateurs-a-fourche\"><\/a>\n\t\t\t\t<img decoding=\"async\" src=\"https:\/\/mh.wajax.com\/wp-content\/uploads\/2022\/09\/e50-60xnl-gallery-1.webp\" alt=\"e50-60xnl-gallery-1\" title=\"e50-60xnl-gallery-1\" itemprop=\"image\"\/>\n\t\t<h4>Chariots \u00e9l\u00e9vateurs et chariots \u00e9l\u00e9vateurs \u00e0 fourche<\/h4>\t\t\t\n\t\t\t\t<p>VOIR TOUT \u203a<\/p>\n\t<a href=\"https:\/\/mh.wajax.com\/fr\/new-equipment\/?_equipment_category=equipement-de-remorquage-et-vehicules-utilitaires\" target=\"_self\"  aria-label=\"Aller \u00e0 https:\/\/mh.wajax.com\/fr\/new-equipment\/?_equipment_category=equipement-de-remorquage-et-vehicules-utilitaires\"><\/a>\n\t\t\t\t<img decoding=\"async\" src=\"https:\/\/mh.wajax.com\/wp-content\/uploads\/2025\/03\/mafi-zubehoer-c-haken-01.jpg\" alt=\"mafi-zubehoer-c-haken-01\" title=\"mafi-zubehoer-c-haken-01\" itemprop=\"image\"\/>\n\t\t<h4>\u00c9quipement de remorquage<\/h4>\t\t\t\n\t\t\t\t<p>VOIR TOUT \u203a<\/p>\n\t<a href=\"https:\/\/mh.wajax.com\/fr\/new-equipment\/?_equipment_category=vehicules-utilitaires\" target=\"_self\"  aria-label=\"Aller \u00e0 https:\/\/mh.wajax.com\/fr\/new-equipment\/?_equipment_category=vehicules-utilitaires\"><\/a>\n\t\t\t\t<img decoding=\"async\" src=\"https:\/\/mh.wajax.com\/wp-content\/uploads\/2025\/03\/Journeyman-Feature-1.png\" alt=\"Journeyman-Feature--1\" title=\"Journeyman-Feature--1\" itemprop=\"image\"\/>\n\t\t<h4>V\u00e9hicules utilitaires<\/h4>\t\t\t\n\t\t\t\t<p>VOIR TOUT \u203a<\/p>\n\t<a href=\"https:\/\/mh.wajax.com\/fr\/new-equipment\/?_equipment_category=equipement-de-nettoyage-et-de-manutention\" target=\"_self\"  aria-label=\"Aller \u00e0 https:\/\/mh.wajax.com\/fr\/new-equipment\/?_equipment_category=equipement-de-nettoyage-et-de-manutention\"><\/a>\n\t\t\t\t<img decoding=\"async\" src=\"https:\/\/mh.wajax.com\/wp-content\/uploads\/2025\/03\/Apex47-768x768-1.png\" alt=\"Apex47-768x768\" title=\"Apex47-768x768\" itemprop=\"image\"\/>\n\t\t<h4>Nettoyage et entretien<\/h4>\t\t\t\n\t\t\t\t<p>VOIR TOUT \u203a<\/p>\n\t<a href=\"https:\/\/mh.wajax.com\/fr\/new-equipment\/?_equipment_category=technologies-emergentes\" target=\"_self\"  aria-label=\"Aller \u00e0 https:\/\/mh.wajax.com\/fr\/new-equipment\/?_equipment_category=technologies-emergentes\"><\/a>\n\t\t\t\t<img decoding=\"async\" src=\"https:\/\/mh.wajax.com\/wp-content\/uploads\/2025\/03\/Hyster-AGV-6.jpg\" alt=\"Hyster-AGV-6\" title=\"Hyster-AGV-6\" itemprop=\"image\"\/>\n\t\t<h4>Technologies \u00e9mergentes<\/h4>\t\t\t\n\t\t\t\t<p>VOIR TOUT \u203a<\/p>\n\t<a href=\"https:\/\/mh.wajax.com\/storage\/\" target=\"_self\"  aria-label=\"Aller \u00e0 https:\/\/mh.wajax.com\/storage\/\"><\/a>\n\t\t\t\t<img decoding=\"async\" src=\"https:\/\/mh.wajax.com\/wp-content\/uploads\/2025\/03\/1-Mezzanine-1-768x513-2.jpg\" alt=\"1-Mezzanine-1-768x513\" title=\"1-Mezzanine-1-768x513\" itemprop=\"image\"\/>\n\t\t<h4>Solutions de stockage et d&rsquo;entreposage<\/h4>\t\t\t\n\t\t\t\t<p>VOIR TOUT \u203a<\/p>\n\t\t\t<h3>Actualit\u00e9s et annonces<\/h3>\t\t\t\n\t\t\t<a href=\"https:\/\/mh.wajax.com\/blog\/\"  target=\"_self\">\n\t\t\t\t\t\t\tConsulter tous les articles\n\t\t\t\t\t<\/a>\n\t\t\t<h3>Carri\u00e8res<\/h3>\t\t\t\n\t\t\t\t<p><strong>D\u00e9crocher un emploi qui vous passionne et vous motive jour apr\u00e8s jour, c&rsquo;est possible \u00e0 Wajax!<\/strong><\/p>\n\t\t\t<a href=\"https:\/\/recruiting.ultipro.ca\/WAJ5000\/JobBoard\/a5fb537d-2824-af75-645f-cfc3dc51721f\/?q=&amp;o=postedDateDesc\" title=\"POSTES \u00c0 POURVOIR\" target=\"_blank\" rel=\"noopener\"  role=\"button\" aria-label=\"POSTES \u00c0 POURVOIR\">\n\t\t\t\t\t\t\tPOSTES \u00c0 POURVOIR\n\t\t<\/a>\n\t<h2>\n\t\t\t\tTrouver une succursale\n\t\t\t<\/h2>\n\t\t\t<p>D&rsquo;un seul atelier \u00e0 plus de 100 succursales, d&rsquo;un oc\u00e9an \u00e0 l&rsquo;autre. <br \/>Wajax : bien plus qu&rsquo;un fournisseur de solutions, un partenaire.<\/p>\t\n\t\t\t<a href=\"https:\/\/mh.wajax.com\/locations\/\" title=\"Trouver une succursale\" target=\"_self\"   role=\"button\" aria-label=\"Trouver une succursale\">\n\t\t\t\t\t\t\t\t\t\t\tTrouver une succursale\n\t\t<\/a>\n\n","protected":false},"excerpt":{"rendered":"<p>UNE ENTREPRISE CANADIENNE \u00c0 100 % Des entrep\u00f4ts aux chantiers, Wajax propose des \u00e9quipements neufs, d&rsquo;occasion et de location des plus grandes marques, soutenus par des services d&rsquo;entretien et de pi\u00e8ces offerts d&rsquo;un oc\u00e9an \u00e0 l&rsquo;autre. EXPLOREZ NOS \u00c9QUIPEMENTS NEUFS NOS EMPLOY\u00c9S NOUS DISTINGUENT. Nos employ\u00e9s sont le c\u0153ur de Wajax. Ce sont des gens&hellip;<\/p>\n","protected":false},"author":7,"featured_media":0,"parent":0,"menu_order":1,"comment_status":"closed","ping_status":"closed","template":"","meta":{"_acf_changed":false,"footnotes":""},"class_list":["post-59925","page","type-page","status-publish","hentry"],"acf":[],"yoast_head":"<!-- This site is optimized with the Yoast SEO plugin v27.3 - https:\/\/yoast.com\/product\/yoast-seo-wordpress\/ -->\n<title>Accueil - Wajax Manutention<\/title>\n<meta name=\"robots\" content=\"index, follow, max-snippet:-1, max-image-preview:large, max-video-preview:-1\" \/>\n<link rel=\"canonical\" href=\"https:\/\/mh.wajax.com\/fr\/\" \/>\n<meta property=\"og:locale\" content=\"fr_FR\" \/>\n<meta property=\"og:type\" content=\"article\" \/>\n<meta property=\"og:title\" content=\"Accueil - Wajax Manutention\" \/>\n<meta property=\"og:description\" content=\"UNE ENTREPRISE CANADIENNE \u00c0 100 % Des entrep\u00f4ts aux chantiers, Wajax propose des \u00e9quipements neufs, d&rsquo;occasion et de location des plus grandes marques, soutenus par des services d&rsquo;entretien et de pi\u00e8ces offerts d&rsquo;un oc\u00e9an \u00e0 l&rsquo;autre. EXPLOREZ NOS \u00c9QUIPEMENTS NEUFS NOS EMPLOY\u00c9S NOUS DISTINGUENT. Nos employ\u00e9s sont le c\u0153ur de Wajax. Ce sont des gens&hellip;\" \/>\n<meta property=\"og:url\" content=\"https:\/\/mh.wajax.com\/fr\/\" \/>\n<meta property=\"og:site_name\" content=\"Wajax Manutention\" \/>\n<meta property=\"article:modified_time\" content=\"2026-05-04T20:45:58+00:00\" \/>\n<meta property=\"og:image\" content=\"https:\/\/mh.wajax.com\/wp-content\/uploads\/2024\/12\/1-2-1.jpg\" \/>\n<meta name=\"twitter:card\" content=\"summary_large_image\" \/>\n<meta name=\"twitter:label1\" content=\"Est. reading time\" \/>\n\t<meta name=\"twitter:data1\" content=\"6 minutes\" \/>\n<script type=\"application\/ld+json\" class=\"yoast-schema-graph\">{\"@context\":\"https:\\\/\\\/schema.org\",\"@graph\":[{\"@type\":\"WebPage\",\"@id\":\"https:\\\/\\\/mh.wajax.com\\\/fr\\\/\",\"url\":\"https:\\\/\\\/mh.wajax.com\\\/fr\\\/\",\"name\":\"Accueil - Wajax Manutention\",\"isPartOf\":{\"@id\":\"https:\\\/\\\/mh.wajax.com\\\/fr\\\/#website\"},\"primaryImageOfPage\":{\"@id\":\"https:\\\/\\\/mh.wajax.com\\\/fr\\\/#primaryimage\"},\"image\":{\"@id\":\"https:\\\/\\\/mh.wajax.com\\\/fr\\\/#primaryimage\"},\"thumbnailUrl\":\"https:\\\/\\\/mh.wajax.com\\\/wp-content\\\/uploads\\\/2024\\\/12\\\/1-2-1.jpg\",\"datePublished\":\"2018-02-21T13:54:37+00:00\",\"dateModified\":\"2026-05-04T20:45:58+00:00\",\"breadcrumb\":{\"@id\":\"https:\\\/\\\/mh.wajax.com\\\/fr\\\/#breadcrumb\"},\"inLanguage\":\"fr-FR\",\"potentialAction\":[{\"@type\":\"ReadAction\",\"target\":[\"https:\\\/\\\/mh.wajax.com\\\/fr\\\/\"]}]},{\"@type\":\"ImageObject\",\"inLanguage\":\"fr-FR\",\"@id\":\"https:\\\/\\\/mh.wajax.com\\\/fr\\\/#primaryimage\",\"url\":\"https:\\\/\\\/mh.wajax.com\\\/wp-content\\\/uploads\\\/2024\\\/12\\\/1-2-1.jpg\",\"contentUrl\":\"https:\\\/\\\/mh.wajax.com\\\/wp-content\\\/uploads\\\/2024\\\/12\\\/1-2-1.jpg\"},{\"@type\":\"BreadcrumbList\",\"@id\":\"https:\\\/\\\/mh.wajax.com\\\/fr\\\/#breadcrumb\",\"itemListElement\":[{\"@type\":\"ListItem\",\"position\":1,\"name\":\"Home\",\"item\":\"https:\\\/\\\/mh.wajax.com\\\/fr\\\/\"},{\"@type\":\"ListItem\",\"position\":2,\"name\":\"Accueil\"}]},{\"@type\":\"WebSite\",\"@id\":\"https:\\\/\\\/mh.wajax.com\\\/fr\\\/#website\",\"url\":\"https:\\\/\\\/mh.wajax.com\\\/fr\\\/\",\"name\":\"Wajax Manutention\",\"description\":\"Hyster &amp; Yale Forklift Dealer\",\"potentialAction\":[{\"@type\":\"SearchAction\",\"target\":{\"@type\":\"EntryPoint\",\"urlTemplate\":\"https:\\\/\\\/mh.wajax.com\\\/fr\\\/?s={search_term_string}\"},\"query-input\":{\"@type\":\"PropertyValueSpecification\",\"valueRequired\":true,\"valueName\":\"search_term_string\"}}],\"inLanguage\":\"fr-FR\"}]}<\/script>\n<!-- \/ Yoast SEO plugin. -->","yoast_head_json":{"title":"Accueil - Wajax Manutention","robots":{"index":"index","follow":"follow","max-snippet":"max-snippet:-1","max-image-preview":"max-image-preview:large","max-video-preview":"max-video-preview:-1"},"canonical":"https:\/\/mh.wajax.com\/fr\/","og_locale":"fr_FR","og_type":"article","og_title":"Accueil - Wajax Manutention","og_description":"UNE ENTREPRISE CANADIENNE \u00c0 100 % Des entrep\u00f4ts aux chantiers, Wajax propose des \u00e9quipements neufs, d&rsquo;occasion et de location des plus grandes marques, soutenus par des services d&rsquo;entretien et de pi\u00e8ces offerts d&rsquo;un oc\u00e9an \u00e0 l&rsquo;autre. EXPLOREZ NOS \u00c9QUIPEMENTS NEUFS NOS EMPLOY\u00c9S NOUS DISTINGUENT. Nos employ\u00e9s sont le c\u0153ur de Wajax. Ce sont des gens&hellip;","og_url":"https:\/\/mh.wajax.com\/fr\/","og_site_name":"Wajax Manutention","article_modified_time":"2026-05-04T20:45:58+00:00","og_image":[{"url":"https:\/\/mh.wajax.com\/wp-content\/uploads\/2024\/12\/1-2-1.jpg","type":"","width":"","height":""}],"twitter_card":"summary_large_image","twitter_misc":{"Est. reading time":"6 minutes"},"schema":{"@context":"https:\/\/schema.org","@graph":[{"@type":"WebPage","@id":"https:\/\/mh.wajax.com\/fr\/","url":"https:\/\/mh.wajax.com\/fr\/","name":"Accueil - Wajax Manutention","isPartOf":{"@id":"https:\/\/mh.wajax.com\/fr\/#website"},"primaryImageOfPage":{"@id":"https:\/\/mh.wajax.com\/fr\/#primaryimage"},"image":{"@id":"https:\/\/mh.wajax.com\/fr\/#primaryimage"},"thumbnailUrl":"https:\/\/mh.wajax.com\/wp-content\/uploads\/2024\/12\/1-2-1.jpg","datePublished":"2018-02-21T13:54:37+00:00","dateModified":"2026-05-04T20:45:58+00:00","breadcrumb":{"@id":"https:\/\/mh.wajax.com\/fr\/#breadcrumb"},"inLanguage":"fr-FR","potentialAction":[{"@type":"ReadAction","target":["https:\/\/mh.wajax.com\/fr\/"]}]},{"@type":"ImageObject","inLanguage":"fr-FR","@id":"https:\/\/mh.wajax.com\/fr\/#primaryimage","url":"https:\/\/mh.wajax.com\/wp-content\/uploads\/2024\/12\/1-2-1.jpg","contentUrl":"https:\/\/mh.wajax.com\/wp-content\/uploads\/2024\/12\/1-2-1.jpg"},{"@type":"BreadcrumbList","@id":"https:\/\/mh.wajax.com\/fr\/#breadcrumb","itemListElement":[{"@type":"ListItem","position":1,"name":"Home","item":"https:\/\/mh.wajax.com\/fr\/"},{"@type":"ListItem","position":2,"name":"Accueil"}]},{"@type":"WebSite","@id":"https:\/\/mh.wajax.com\/fr\/#website","url":"https:\/\/mh.wajax.com\/fr\/","name":"Wajax Manutention","description":"Hyster &amp; Yale Forklift Dealer","potentialAction":[{"@type":"SearchAction","target":{"@type":"EntryPoint","urlTemplate":"https:\/\/mh.wajax.com\/fr\/?s={search_term_string}"},"query-input":{"@type":"PropertyValueSpecification","valueRequired":true,"valueName":"search_term_string"}}],"inLanguage":"fr-FR"}]}},"_links":{"self":[{"href":"https:\/\/mh.wajax.com\/fr\/wp-json\/wp\/v2\/pages\/59925","targetHints":{"allow":["GET"]}}],"collection":[{"href":"https:\/\/mh.wajax.com\/fr\/wp-json\/wp\/v2\/pages"}],"about":[{"href":"https:\/\/mh.wajax.com\/fr\/wp-json\/wp\/v2\/types\/page"}],"author":[{"embeddable":true,"href":"https:\/\/mh.wajax.com\/fr\/wp-json\/wp\/v2\/users\/7"}],"replies":[{"embeddable":true,"href":"https:\/\/mh.wajax.com\/fr\/wp-json\/wp\/v2\/comments?post=59925"}],"version-history":[{"count":0,"href":"https:\/\/mh.wajax.com\/fr\/wp-json\/wp\/v2\/pages\/59925\/revisions"}],"wp:attachment":[{"href":"https:\/\/mh.wajax.com\/fr\/wp-json\/wp\/v2\/media?parent=59925"}],"curies":[{"name":"wp","href":"https:\/\/api.w.org\/{rel}","templated":true}]}}