{"id":59915,"date":"2020-05-08T09:14:43","date_gmt":"2020-05-08T13:14:43","guid":{"rendered":"https:\/\/wajaxmh.wpenginepowered.com\/plan-de-site\/"},"modified":"2025-07-09T15:47:18","modified_gmt":"2025-07-09T19:47:18","slug":"plan-de-site","status":"publish","type":"page","link":"https:\/\/mh.wajax.com\/fr\/plan-de-site\/","title":{"rendered":"Plan de site"},"content":{"rendered":"\n<div class=\"wsp-container\"><h2 class=\"wsp-pages-title\">Pages<\/h2>\n<ul class=\"wsp-pages-list\">\n<li class=\"page_item page-item-59414\"><a href=\"https:\/\/mh.wajax.com\/fr\/conditions-dutilisation\/\">Conditions d\u2019utilisation<\/a><\/li>\n<li class=\"page_item page-item-59434 page_item_has_children\"><a href=\"https:\/\/mh.wajax.com\/fr\/entreposage\/\">Entreposage<\/a>\n<ul class='children'>\n\t<li class=\"page_item page-item-59429\"><a href=\"https:\/\/mh.wajax.com\/fr\/entreposage\/accessoires-detageres\/\">Accessoires d\u2019\u00e9tag\u00e8res<\/a><\/li>\n\t<li class=\"page_item page-item-59433\"><a href=\"https:\/\/mh.wajax.com\/fr\/entreposage\/cages-et-cloisons\/\">Cages et cloisons<\/a><\/li>\n\t<li class=\"page_item page-item-59430\"><a href=\"https:\/\/mh.wajax.com\/fr\/entreposage\/casiers-armoires-et-postes-de-travail\/\">Casiers, armoires et postes de travail<\/a><\/li>\n\t<li class=\"page_item page-item-59416\"><a href=\"https:\/\/mh.wajax.com\/fr\/entreposage\/plateformes-dentreposage\/\">Plateformes d\u2019entreposage<\/a><\/li>\n\t<li class=\"page_item page-item-59431\"><a href=\"https:\/\/mh.wajax.com\/fr\/entreposage\/protecteurs-et-barrieres\/\">Protecteurs et barri\u00e8res<\/a><\/li>\n\t<li class=\"page_item page-item-59428\"><a href=\"https:\/\/mh.wajax.com\/fr\/entreposage\/protection-detageres\/\">Protection d\u2019\u00e9tag\u00e8res<\/a><\/li>\n\t<li class=\"page_item page-item-59426\"><a href=\"https:\/\/mh.wajax.com\/fr\/entreposage\/rayonnage\/\">Rayonnage<\/a><\/li>\n\t<li class=\"page_item page-item-59427\"><a href=\"https:\/\/mh.wajax.com\/fr\/entreposage\/rayonnages-a-palettes\/\">Rayonnages \u00e0 palettes<\/a><\/li>\n\t<li class=\"page_item page-item-59432\"><a href=\"https:\/\/mh.wajax.com\/fr\/entreposage\/services-dentreposage\/\">Services d\u2019entreposage<\/a><\/li>\n<\/ul>\n<\/li>\n<li class=\"page_item page-item-59412 page_item_has_children\"><a href=\"https:\/\/mh.wajax.com\/fr\/marques\/\">Marques<\/a>\n<ul class='children'>\n\t<li class=\"page_item page-item-59907\"><a href=\"https:\/\/mh.wajax.com\/fr\/marques\/bolzoni\/\">Bolzoni<\/a><\/li>\n\t<li class=\"page_item page-item-59424\"><a href=\"https:\/\/mh.wajax.com\/fr\/marques\/bulmor\/\">Bulmor<\/a><\/li>\n\t<li class=\"page_item page-item-59419\"><a href=\"https:\/\/mh.wajax.com\/fr\/marques\/columbia\/\">Columbia<\/a><\/li>\n\t<li class=\"page_item page-item-59423\"><a href=\"https:\/\/mh.wajax.com\/fr\/marques\/genie\/\">Genie<\/a><\/li>\n\t<li class=\"page_item page-item-59422\"><a href=\"https:\/\/mh.wajax.com\/fr\/marques\/hako\/\">Hako<\/a><\/li>\n\t<li class=\"page_item page-item-59425\"><a href=\"https:\/\/mh.wajax.com\/fr\/marques\/hyster\/\">Hyster<\/a><\/li>\n\t<li class=\"page_item page-item-59420\"><a href=\"https:\/\/mh.wajax.com\/fr\/marques\/liftking\/\">LiftKing<\/a><\/li>\n\t<li class=\"page_item page-item-59421\"><a href=\"https:\/\/mh.wajax.com\/fr\/marques\/mafi\/\">MAFI<\/a><\/li>\n\t<li class=\"page_item page-item-59905\"><a href=\"https:\/\/mh.wajax.com\/fr\/marques\/mec\/\">MEC<\/a><\/li>\n\t<li class=\"page_item page-item-59909\"><a href=\"https:\/\/mh.wajax.com\/fr\/marques\/powerboss\/\">PowerBoss<\/a><\/li>\n\t<li class=\"page_item page-item-59906\"><a href=\"https:\/\/mh.wajax.com\/fr\/marques\/snorkel\/\">Snorkel<\/a><\/li>\n\t<li class=\"page_item page-item-59908\"><a href=\"https:\/\/mh.wajax.com\/fr\/marques\/xtreme\/\">Xtreme<\/a><\/li>\n\t<li class=\"page_item page-item-59411\"><a href=\"https:\/\/mh.wajax.com\/fr\/marques\/yale\/\">Yale<\/a><\/li>\n<\/ul>\n<\/li>\n<li class=\"page_item page-item-59415\"><a href=\"https:\/\/mh.wajax.com\/fr\/politique-sur-la-protection-de-la-vie-privee\/\">Politique sur la protection de la vie priv\u00e9e<\/a><\/li>\n<li class=\"page_item page-item-59413\"><a href=\"https:\/\/mh.wajax.com\/fr\/politique-sur-les-temoins-de-connexion\/\">Politique sur les t\u00e9moins de connexion<\/a><\/li>\n<li class=\"page_item page-item-59904\"><a href=\"https:\/\/mh.wajax.com\/fr\/types-dequipement\/\">Types d\u2019\u00e9quipement<\/a><\/li>\n<li class=\"page_item page-item-59925\"><a href=\"https:\/\/mh.wajax.com\/fr\/\">Accueil<\/a><\/li>\n<li class=\"page_item page-item-59922\"><a href=\"https:\/\/mh.wajax.com\/fr\/a-propos\/\">\u00c0 propos<\/a><\/li>\n<li class=\"page_item page-item-59921 page_item_has_children\"><a href=\"https:\/\/mh.wajax.com\/fr\/page-des-locations\/\">Locations<\/a>\n<ul class='children'>\n\t<li class=\"page_item page-item-59914\"><a href=\"https:\/\/mh.wajax.com\/fr\/page-des-locations\/demande-de-location\/\">Demande de location<\/a><\/li>\n<\/ul>\n<\/li>\n<li class=\"page_item page-item-59924 page_item_has_children\"><a href=\"https:\/\/mh.wajax.com\/fr\/pieces\/\">Pi\u00e8ces<\/a>\n<ul class='children'>\n\t<li class=\"page_item page-item-59436\"><a href=\"https:\/\/mh.wajax.com\/fr\/pieces\/demande-de-pieces\/\">Demande de pi\u00e8ces<\/a><\/li>\n<\/ul>\n<\/li>\n<li class=\"page_item page-item-59919\"><a href=\"https:\/\/mh.wajax.com\/fr\/contactez-nous\/\">Contactez-nous<\/a><\/li>\n<li class=\"page_item page-item-59918\"><a href=\"https:\/\/mh.wajax.com\/fr\/demande-de-devis\/\">Demande de devis<\/a><\/li>\n<li class=\"page_item page-item-59894 page_item_has_children\"><a href=\"https:\/\/mh.wajax.com\/fr\/service\/\">Service<\/a>\n<ul class='children'>\n\t<li class=\"page_item page-item-59435\"><a href=\"https:\/\/mh.wajax.com\/fr\/service\/demande-de-service\/\">Demande de service<\/a><\/li>\n\t<li class=\"page_item page-item-59437\"><a href=\"https:\/\/mh.wajax.com\/fr\/service\/domaines-dexpertise\/\">Domaines d\u2019expertise<\/a><\/li>\n<\/ul>\n<\/li>\n<li class=\"page_item page-item-59923 current_page_parent\"><a href=\"https:\/\/mh.wajax.com\/fr\/blogue\/\">Blogue<\/a><\/li>\n<\/ul>\n<h2 class=\"wsp-promos-title\">Promos<\/h2>\n<ul class=\"wsp-promos-list\">\n<li><a href=\"https:\/\/mh.wajax.com\/fr\/promo\/protection-en-prime-pour-vos-chariots-elevateurs\/\">Protection en prime pour vos chariots \u00e9l\u00e9vateurs<\/a><\/li>\n<\/ul>\n<h2 class=\"wsp-locations-title\">Locations<\/h2>\n<ul class=\"wsp-locations-list\">\n<li><a href=\"https:\/\/mh.wajax.com\/fr\/emplacements\/windsor\/\">Windsor<\/a><\/li>\n<li><a href=\"https:\/\/mh.wajax.com\/fr\/emplacements\/calgary\/\">Calgary<\/a><\/li>\n<li><a href=\"https:\/\/mh.wajax.com\/fr\/emplacements\/chambly\/\">Chambly<\/a><\/li>\n<li><a href=\"https:\/\/mh.wajax.com\/fr\/emplacements\/clairmont\/\">Clairmont<\/a><\/li>\n<li><a href=\"https:\/\/mh.wajax.com\/fr\/emplacements\/dartmouth\/\">Dartmouth<\/a><\/li>\n<li><a href=\"https:\/\/mh.wajax.com\/fr\/emplacements\/edmonton\/\">Edmonton<\/a><\/li>\n<li><a href=\"https:\/\/mh.wajax.com\/fr\/emplacements\/fort-mcmurray\/\">Fort McMurray<\/a><\/li>\n<li><a href=\"https:\/\/mh.wajax.com\/fr\/emplacements\/fort-st-john\/\">Fort St. John<\/a><\/li>\n<li><a href=\"https:\/\/mh.wajax.com\/fr\/emplacements\/kamloops\/\">Kamloops<\/a><\/li>\n<li><a href=\"https:\/\/mh.wajax.com\/fr\/emplacements\/kitchener\/\">Kitchener<\/a><\/li>\n<li><a href=\"https:\/\/mh.wajax.com\/fr\/emplacements\/langley\/\">Langley<\/a><\/li>\n<li><a href=\"https:\/\/mh.wajax.com\/fr\/emplacements\/laval\/\">Laval<\/a><\/li>\n<li><a href=\"https:\/\/mh.wajax.com\/fr\/emplacements\/london\/\">London<\/a><\/li>\n<li><a href=\"https:\/\/mh.wajax.com\/fr\/emplacements\/mississauga\/\">Mississauga<\/a><\/li>\n<li><a href=\"https:\/\/mh.wajax.com\/fr\/emplacements\/moncton\/\">Moncton<\/a><\/li>\n<li><a href=\"https:\/\/mh.wajax.com\/fr\/emplacements\/mount-pearl\/\">Mount Pearl<\/a><\/li>\n<li><a href=\"https:\/\/mh.wajax.com\/fr\/emplacements\/nanaimo\/\">Nanaimo<\/a><\/li>\n<li><a href=\"https:\/\/mh.wajax.com\/fr\/emplacements\/ottawa-gloucester\/\">Ottawa (Gloucester)<\/a><\/li>\n<li><a href=\"https:\/\/mh.wajax.com\/fr\/emplacements\/pasadena\/\">Pasadena<\/a><\/li>\n<li><a href=\"https:\/\/mh.wajax.com\/fr\/emplacements\/prince-george\/\">Prince George<\/a><\/li>\n<li><a href=\"https:\/\/mh.wajax.com\/fr\/emplacements\/red-deer\/\">Red Deer<\/a><\/li>\n<li><a href=\"https:\/\/mh.wajax.com\/fr\/emplacements\/saskatoon\/\">Saskatoon<\/a><\/li>\n<li><a href=\"https:\/\/mh.wajax.com\/fr\/emplacements\/st-felicien\/\">St-Felicien<\/a><\/li>\n<li><a href=\"https:\/\/mh.wajax.com\/fr\/emplacements\/stoney-creek\/\">Stoney Creek<\/a><\/li>\n<li><a href=\"https:\/\/mh.wajax.com\/fr\/emplacements\/sudbury-lively\/\">Sudbury (Lively)<\/a><\/li>\n<li><a href=\"https:\/\/mh.wajax.com\/fr\/emplacements\/thunder-bay\/\">Thunder Bay<\/a><\/li>\n<li><a href=\"https:\/\/mh.wajax.com\/fr\/emplacements\/timmins\/\">Timmins<\/a><\/li>\n<li><a href=\"https:\/\/mh.wajax.com\/fr\/emplacements\/wabush\/\">Wabush<\/a><\/li>\n<li><a href=\"https:\/\/mh.wajax.com\/fr\/emplacements\/winnipeg\/\">Winnipeg<\/a><\/li>\n<\/ul>\n<h2 class=\"wsp-provinces-title\">Provinces<\/h2>\n<ul class=\"wsp-provinces-list\">\n<li><a href=\"https:\/\/mh.wajax.com\/province\/alberta\/\">Alberta<\/a><\/li>\n<li><a href=\"https:\/\/mh.wajax.com\/province\/british-columbia\/\">British Columbia<\/a><\/li>\n<li><a href=\"https:\/\/mh.wajax.com\/province\/manitoba\/\">Manitoba<\/a><\/li>\n<li><a href=\"https:\/\/mh.wajax.com\/province\/new-brunswick\/\">New Brunswick<\/a><\/li>\n<li><a href=\"https:\/\/mh.wajax.com\/province\/newfoundland-and-labrador\/\">Newfoundland and Labrador<\/a><\/li>\n<li><a href=\"https:\/\/mh.wajax.com\/province\/nova-scotia\/\">Nova Scotia<\/a><\/li>\n<li><a href=\"https:\/\/mh.wajax.com\/province\/ontario\/\">Ontario<\/a><\/li>\n<li><a href=\"https:\/\/mh.wajax.com\/province\/quebec\/\">Quebec<\/a><\/li>\n<li><a href=\"https:\/\/mh.wajax.com\/province\/saskatchewan\/\">Saskatchewan<\/a><\/li>\n<\/ul>\n<h2 class=\"wsp-equipment_categorys-title\">Cat\u00e9gories d\u2019\u00e9quipement<\/h2>\n<ul class=\"wsp-equipment_categorys-list\">\n<li><a href=\"https:\/\/mh.wajax.com\/fr\/new-equipment\/balayeuses-a-conducteur-accompagnant\/\">Balayeuses \u00e0 conducteur accompagnant<\/a><\/li>\n<li><a href=\"https:\/\/mh.wajax.com\/fr\/new-equipment\/balayeuses-a-conducteur-porte\/\">Balayeuses \u00e0 conducteur port\u00e9<\/a><\/li>\n<li><a href=\"https:\/\/mh.wajax.com\/fr\/new-equipment\/brosseuse-electrique-a-conducteur-porte\/\">Brosseuse \u00e9lectrique \u00e0 conducteur port\u00e9<\/a><\/li>\n<li><a href=\"https:\/\/mh.wajax.com\/fr\/new-equipment\/brosseuses-autonomes\/\">Brosseuses autonomes<\/a><\/li>\n<li><a href=\"https:\/\/mh.wajax.com\/fr\/new-equipment\/chariot-a-mat-retractable\/\">Chariot \u00e0 m\u00e2t r\u00e9tractable<\/a><\/li>\n<li><a href=\"https:\/\/mh.wajax.com\/fr\/new-equipment\/chariot-elevateur-a-combustion-interne-sur-bandage-creux\/\">Chariot \u00e9l\u00e9vateur \u00e0 combustion interne sur bandage creux<\/a><\/li>\n<li><a href=\"https:\/\/mh.wajax.com\/fr\/new-equipment\/chariot-elevateur-a-combustion-interne-sur-pneus\/\">Chariot \u00e9l\u00e9vateur \u00e0 combustion interne sur pneus<\/a><\/li>\n<li><a href=\"https:\/\/mh.wajax.com\/fr\/new-equipment\/chariots-a-prise-laterale\/\">Chariots \u00e0 prise lat\u00e9rale<\/a><\/li>\n<li><a href=\"https:\/\/mh.wajax.com\/fr\/new-equipment\/chariots-elevateurs-a-fourche\/\">Chariots \u00e9l\u00e9vateurs \u00e0 fourche<\/a><\/li>\n<li><a href=\"https:\/\/mh.wajax.com\/fr\/new-equipment\/chariots-elevateurs-a-fourche-de-haute-capacite-sur-bandage-creux\/\">Chariots \u00e9l\u00e9vateurs \u00e0 fourche de haute capacit\u00e9 sur bandage creux<\/a><\/li>\n<li><a href=\"https:\/\/mh.wajax.com\/fr\/new-equipment\/chariots-elevateurs-a-fourche-de-haute-capacite-sur-pneus\/\">Chariots \u00e9l\u00e9vateurs \u00e0 fourche de haute capacit\u00e9 sur pneus<\/a><\/li>\n<li><a href=\"https:\/\/mh.wajax.com\/fr\/new-equipment\/chariots-elevateurs-electriques-a-3-roues\/\">Chariots \u00e9l\u00e9vateurs \u00e9lectriques \u00e0 3 roues<\/a><\/li>\n<li><a href=\"https:\/\/mh.wajax.com\/fr\/new-equipment\/chariots-elevateurs-electriques-a-4-roues\/\">Chariots \u00e9l\u00e9vateurs \u00e9lectriques \u00e0 4 roues<\/a><\/li>\n<li><a href=\"https:\/\/mh.wajax.com\/fr\/new-equipment\/chariots-elevateurs-et-chariots-elevateurs-a-fourche\/\">Chariots \u00e9l\u00e9vateurs et chariots \u00e9l\u00e9vateurs \u00e0 fourche<\/a><\/li>\n<li><a href=\"https:\/\/mh.wajax.com\/fr\/new-equipment\/chariots-pour-allees-tres-etroites\/\">Chariots pour all\u00e9es tr\u00e8s \u00e9troites<\/a><\/li>\n<li><a href=\"https:\/\/mh.wajax.com\/fr\/new-equipment\/chariots-pour-conteneurs\/\">Chariots pour conteneurs<\/a><\/li>\n<li><a href=\"https:\/\/mh.wajax.com\/fr\/new-equipment\/chariots-pour-conteneurs-fr\/\">Chariots pour conteneurs<\/a><\/li>\n<li><a href=\"https:\/\/mh.wajax.com\/fr\/new-equipment\/chariots-preparateurs-de-commandes\/\">Chariots pr\u00e9parateurs de commandes<\/a><\/li>\n<li><a href=\"https:\/\/mh.wajax.com\/fr\/new-equipment\/combinaisons-balayeuses-brosseuses\/\">Combinaisons balayeuses-brosseuses<\/a><\/li>\n<li><a href=\"https:\/\/mh.wajax.com\/fr\/new-equipment\/equipement-de-nettoyage-et-de-manutention\/\">\u00c9quipement de nettoyage et de manutention<\/a><\/li>\n<li><a href=\"https:\/\/mh.wajax.com\/fr\/new-equipment\/equipement-de-remorquage-et-vehicules-utilitaires\/\">\u00c9quipement de remorquage et v\u00e9hicules utilitaires<\/a><\/li>\n<li><a href=\"https:\/\/mh.wajax.com\/fr\/new-equipment\/gerbeurs-a-fourche\/\">Gerbeurs \u00e0 fourche<\/a><\/li>\n<li><a href=\"https:\/\/mh.wajax.com\/fr\/new-equipment\/gros-chariots\/\">Gros chariots<\/a><\/li>\n<li><a href=\"https:\/\/mh.wajax.com\/fr\/new-equipment\/machines-de-nettoyage-exterieur\/\">Machines de nettoyage ext\u00e9rieur<\/a><\/li>\n<li><a href=\"https:\/\/mh.wajax.com\/fr\/new-equipment\/porte-conteneurs-et-masses-dalourdissement\/\">Porte-conteneurs et masses d\u2019alourdissement<\/a><\/li>\n<li><a href=\"https:\/\/mh.wajax.com\/fr\/new-equipment\/remorques\/\">Remorques<\/a><\/li>\n<li><a href=\"https:\/\/mh.wajax.com\/fr\/new-equipment\/technologies-emergentes\/\">Technologies \u00e9mergentes<\/a><\/li>\n<li><a href=\"https:\/\/mh.wajax.com\/fr\/new-equipment\/tracteurs-de-manoeuvre-et-de-roulage-ro-ro\/\">Tracteurs de man\u0153uvre et de roulage (ro-ro)<\/a><\/li>\n<li><a href=\"https:\/\/mh.wajax.com\/fr\/new-equipment\/tracteurs-de-manutention\/\">Tracteurs de manutention<\/a><\/li>\n<li><a href=\"https:\/\/mh.wajax.com\/fr\/new-equipment\/transpalettes\/\">Transpalettes<\/a><\/li>\n<li><a href=\"https:\/\/mh.wajax.com\/fr\/new-equipment\/vehicules-utilitaires\/\">V\u00e9hicules utilitaires<\/a><\/li>\n<\/ul>\n<h2 class=\"wsp-used_manufacturers-title\">Manufacturers<\/h2>\n<ul class=\"wsp-used_manufacturers-list\">\n<li><a href=\"https:\/\/mh.wajax.com\/used_manufacturer\/hyster\/\">Hyster<\/a><\/li>\n<li><a href=\"https:\/\/mh.wajax.com\/used_manufacturer\/other\/\">Other<\/a><\/li>\n<\/ul>\n<\/div>\n","protected":false},"excerpt":{"rendered":"","protected":false},"author":7,"featured_media":0,"parent":0,"menu_order":7,"comment_status":"closed","ping_status":"closed","template":"","meta":{"_acf_changed":false,"footnotes":""},"class_list":["post-59915","page","type-page","status-publish","hentry"],"acf":[],"yoast_head":"<!-- This site is optimized with the Yoast SEO plugin v27.3 - https:\/\/yoast.com\/product\/yoast-seo-wordpress\/ -->\n<title>Plan de site - Wajax Manutention<\/title>\n<meta name=\"robots\" content=\"index, follow, max-snippet:-1, max-image-preview:large, max-video-preview:-1\" \/>\n<link rel=\"canonical\" href=\"https:\/\/mh.wajax.com\/fr\/plan-de-site\/\" \/>\n<meta property=\"og:locale\" content=\"fr_FR\" \/>\n<meta property=\"og:type\" content=\"article\" \/>\n<meta property=\"og:title\" content=\"Plan de site - Wajax Manutention\" \/>\n<meta property=\"og:url\" content=\"https:\/\/mh.wajax.com\/fr\/plan-de-site\/\" \/>\n<meta property=\"og:site_name\" content=\"Wajax Manutention\" \/>\n<meta property=\"article:modified_time\" content=\"2025-07-09T19:47:18+00:00\" \/>\n<meta name=\"twitter:card\" content=\"summary_large_image\" \/>\n<script type=\"application\/ld+json\" class=\"yoast-schema-graph\">{\"@context\":\"https:\\\/\\\/schema.org\",\"@graph\":[{\"@type\":\"WebPage\",\"@id\":\"https:\\\/\\\/mh.wajax.com\\\/fr\\\/plan-de-site\\\/\",\"url\":\"https:\\\/\\\/mh.wajax.com\\\/fr\\\/plan-de-site\\\/\",\"name\":\"Plan de site - Wajax Manutention\",\"isPartOf\":{\"@id\":\"https:\\\/\\\/mh.wajax.com\\\/fr\\\/#website\"},\"datePublished\":\"2020-05-08T13:14:43+00:00\",\"dateModified\":\"2025-07-09T19:47:18+00:00\",\"breadcrumb\":{\"@id\":\"https:\\\/\\\/mh.wajax.com\\\/fr\\\/plan-de-site\\\/#breadcrumb\"},\"inLanguage\":\"fr-FR\",\"potentialAction\":[{\"@type\":\"ReadAction\",\"target\":[\"https:\\\/\\\/mh.wajax.com\\\/fr\\\/plan-de-site\\\/\"]}]},{\"@type\":\"BreadcrumbList\",\"@id\":\"https:\\\/\\\/mh.wajax.com\\\/fr\\\/plan-de-site\\\/#breadcrumb\",\"itemListElement\":[{\"@type\":\"ListItem\",\"position\":1,\"name\":\"Home\",\"item\":\"https:\\\/\\\/mh.wajax.com\\\/fr\\\/\"},{\"@type\":\"ListItem\",\"position\":2,\"name\":\"Plan de site\"}]},{\"@type\":\"WebSite\",\"@id\":\"https:\\\/\\\/mh.wajax.com\\\/fr\\\/#website\",\"url\":\"https:\\\/\\\/mh.wajax.com\\\/fr\\\/\",\"name\":\"Wajax Manutention\",\"description\":\"Hyster &amp; Yale Forklift Dealer\",\"potentialAction\":[{\"@type\":\"SearchAction\",\"target\":{\"@type\":\"EntryPoint\",\"urlTemplate\":\"https:\\\/\\\/mh.wajax.com\\\/fr\\\/?s={search_term_string}\"},\"query-input\":{\"@type\":\"PropertyValueSpecification\",\"valueRequired\":true,\"valueName\":\"search_term_string\"}}],\"inLanguage\":\"fr-FR\"}]}<\/script>\n<!-- \/ Yoast SEO plugin. -->","yoast_head_json":{"title":"Plan de site - Wajax Manutention","robots":{"index":"index","follow":"follow","max-snippet":"max-snippet:-1","max-image-preview":"max-image-preview:large","max-video-preview":"max-video-preview:-1"},"canonical":"https:\/\/mh.wajax.com\/fr\/plan-de-site\/","og_locale":"fr_FR","og_type":"article","og_title":"Plan de site - Wajax Manutention","og_url":"https:\/\/mh.wajax.com\/fr\/plan-de-site\/","og_site_name":"Wajax Manutention","article_modified_time":"2025-07-09T19:47:18+00:00","twitter_card":"summary_large_image","schema":{"@context":"https:\/\/schema.org","@graph":[{"@type":"WebPage","@id":"https:\/\/mh.wajax.com\/fr\/plan-de-site\/","url":"https:\/\/mh.wajax.com\/fr\/plan-de-site\/","name":"Plan de site - Wajax Manutention","isPartOf":{"@id":"https:\/\/mh.wajax.com\/fr\/#website"},"datePublished":"2020-05-08T13:14:43+00:00","dateModified":"2025-07-09T19:47:18+00:00","breadcrumb":{"@id":"https:\/\/mh.wajax.com\/fr\/plan-de-site\/#breadcrumb"},"inLanguage":"fr-FR","potentialAction":[{"@type":"ReadAction","target":["https:\/\/mh.wajax.com\/fr\/plan-de-site\/"]}]},{"@type":"BreadcrumbList","@id":"https:\/\/mh.wajax.com\/fr\/plan-de-site\/#breadcrumb","itemListElement":[{"@type":"ListItem","position":1,"name":"Home","item":"https:\/\/mh.wajax.com\/fr\/"},{"@type":"ListItem","position":2,"name":"Plan de site"}]},{"@type":"WebSite","@id":"https:\/\/mh.wajax.com\/fr\/#website","url":"https:\/\/mh.wajax.com\/fr\/","name":"Wajax Manutention","description":"Hyster &amp; Yale Forklift Dealer","potentialAction":[{"@type":"SearchAction","target":{"@type":"EntryPoint","urlTemplate":"https:\/\/mh.wajax.com\/fr\/?s={search_term_string}"},"query-input":{"@type":"PropertyValueSpecification","valueRequired":true,"valueName":"search_term_string"}}],"inLanguage":"fr-FR"}]}},"_links":{"self":[{"href":"https:\/\/mh.wajax.com\/fr\/wp-json\/wp\/v2\/pages\/59915","targetHints":{"allow":["GET"]}}],"collection":[{"href":"https:\/\/mh.wajax.com\/fr\/wp-json\/wp\/v2\/pages"}],"about":[{"href":"https:\/\/mh.wajax.com\/fr\/wp-json\/wp\/v2\/types\/page"}],"author":[{"embeddable":true,"href":"https:\/\/mh.wajax.com\/fr\/wp-json\/wp\/v2\/users\/7"}],"replies":[{"embeddable":true,"href":"https:\/\/mh.wajax.com\/fr\/wp-json\/wp\/v2\/comments?post=59915"}],"version-history":[{"count":0,"href":"https:\/\/mh.wajax.com\/fr\/wp-json\/wp\/v2\/pages\/59915\/revisions"}],"wp:attachment":[{"href":"https:\/\/mh.wajax.com\/fr\/wp-json\/wp\/v2\/media?parent=59915"}],"curies":[{"name":"wp","href":"https:\/\/api.w.org\/{rel}","templated":true}]}}