{"id":59909,"date":"2025-03-28T12:30:46","date_gmt":"2025-03-28T16:30:46","guid":{"rendered":"https:\/\/wajaxmh.wpenginepowered.com\/marques\/powerboss\/"},"modified":"2025-07-09T15:47:18","modified_gmt":"2025-07-09T19:47:18","slug":"powerboss","status":"publish","type":"page","link":"https:\/\/mh.wajax.com\/fr\/marques\/powerboss\/","title":{"rendered":"PowerBoss"},"content":{"rendered":"\n<h2 class=\"wp-block-heading\">Balayeuses et brosseuses PowerBoss et service apr\u00e8s-vente offerts par Wajax<\/h2>\n\n<div class=\"wp-block-columns is-layout-flex wp-container-core-columns-is-layout-9d6595d7 wp-block-columns-is-layout-flex\">\n<div class=\"wp-block-column is-layout-flow wp-block-column-is-layout-flow\" style=\"flex-basis:66.66%\">\n<p>PowerBoss fabrique des \u00e9quipements de nettoyage de planchers industriels depuis 1985. Sa gamme de balayeuses, de brosseuses \u00e0 conducteur port\u00e9 et de brosseuses\/balayeuses \u00e0 conducteur accompagnant a \u00e9t\u00e9 m\u00e9ticuleusement con\u00e7ue pour fournir un \u00e9quipement de nettoyage fiable et rentable r\u00e9pondant \u00e0 tous vos besoins en mati\u00e8re de nettoyage industriel. De nombreuses brosseuses PowerBoss sont dot\u00e9es de la technologie innovante Aqua-Stop qui permet de r\u00e9duire de 50\u00a0% la consommation d\u2019eau et de solution de nettoyage.<\/p>\n<\/div>\n\n\n\n<div class=\"wp-block-column is-layout-flow wp-block-column-is-layout-flow\" style=\"flex-basis:33.33%\">\n<div style=\"height:25px\" aria-hidden=\"true\" class=\"wp-block-spacer\"><\/div>\n\n\n\n<figure class=\"wp-block-image size-full\"><img loading=\"lazy\" decoding=\"async\" width=\"300\" height=\"66\" src=\"https:\/\/mh.wajax.com\/wp-content\/uploads\/2024\/12\/White-Background-with-Orange-PB-Logo-and-Grey-POC-300x66-1.png\" alt=\"\" class=\"wp-image-58070\"\/><\/figure>\n<\/div>\n<\/div>\n\n<p>Wajax est fi\u00e8re d\u2019\u00eatre le distributeur exclusif des \u00e9quipements de nettoyage industriel PowerBoss au Canada adapt\u00e9s \u00e0 vos besoins sp\u00e9cifiques. Nous sommes \u00e9galement en mesure de soutenir vos op\u00e9rations avec des pi\u00e8ces et des services de locations d\u2019\u00e9quipements PowerBoss, une \u00e9quipe de techniciens de service qualifi\u00e9s de Wajax disponibles en tout temps, ainsi que des services de consultants en manutention pour vous aider \u00e0 concevoir la solution la mieux adapt\u00e9e \u00e0 votre projet.<\/p>\n\n<p>Du service \u00e0 l\u2019\u00e9quipement en passant par les pi\u00e8ces, Wajax et PowerBoss ont tout ce dont vous avez besoin pour vos op\u00e9rations de nettoyage.<\/p>\n","protected":false},"excerpt":{"rendered":"<p>Balayeuses et brosseuses PowerBoss et service apr\u00e8s-vente offerts par Wajax PowerBoss fabrique des \u00e9quipements de nettoyage de planchers industriels depuis 1985. Sa gamme de balayeuses, de brosseuses \u00e0 conducteur port\u00e9 et de brosseuses\/balayeuses \u00e0 conducteur accompagnant a \u00e9t\u00e9 m\u00e9ticuleusement con\u00e7ue pour fournir un \u00e9quipement de nettoyage fiable et rentable r\u00e9pondant \u00e0 tous vos besoins en&hellip;<\/p>\n","protected":false},"author":7,"featured_media":0,"parent":59412,"menu_order":0,"comment_status":"closed","ping_status":"closed","template":"","meta":{"_acf_changed":false,"footnotes":""},"class_list":["post-59909","page","type-page","status-publish","hentry"],"acf":[],"yoast_head":"<!-- This site is optimized with the Yoast SEO plugin v27.3 - https:\/\/yoast.com\/product\/yoast-seo-wordpress\/ -->\n<title>PowerBoss - Wajax Manutention<\/title>\n<meta name=\"robots\" content=\"index, follow, max-snippet:-1, max-image-preview:large, max-video-preview:-1\" \/>\n<link rel=\"canonical\" href=\"https:\/\/mh.wajax.com\/fr\/marques\/powerboss\/\" \/>\n<meta property=\"og:locale\" content=\"fr_FR\" \/>\n<meta property=\"og:type\" content=\"article\" \/>\n<meta property=\"og:title\" content=\"PowerBoss - Wajax Manutention\" \/>\n<meta property=\"og:description\" content=\"Balayeuses et brosseuses PowerBoss et service apr\u00e8s-vente offerts par Wajax PowerBoss fabrique des \u00e9quipements de nettoyage de planchers industriels depuis 1985. Sa gamme de balayeuses, de brosseuses \u00e0 conducteur port\u00e9 et de brosseuses\/balayeuses \u00e0 conducteur accompagnant a \u00e9t\u00e9 m\u00e9ticuleusement con\u00e7ue pour fournir un \u00e9quipement de nettoyage fiable et rentable r\u00e9pondant \u00e0 tous vos besoins en&hellip;\" \/>\n<meta property=\"og:url\" content=\"https:\/\/mh.wajax.com\/fr\/marques\/powerboss\/\" \/>\n<meta property=\"og:site_name\" content=\"Wajax Manutention\" \/>\n<meta property=\"article:modified_time\" content=\"2025-07-09T19:47:18+00:00\" \/>\n<meta property=\"og:image\" content=\"https:\/\/mh.wajax.com\/wp-content\/uploads\/2024\/12\/White-Background-with-Orange-PB-Logo-and-Grey-POC-300x66-1.png\" \/>\n\t<meta property=\"og:image:width\" content=\"300\" \/>\n\t<meta property=\"og:image:height\" content=\"66\" \/>\n\t<meta property=\"og:image:type\" content=\"image\/png\" \/>\n<meta name=\"twitter:card\" content=\"summary_large_image\" \/>\n<meta name=\"twitter:label1\" content=\"Est. reading time\" \/>\n\t<meta name=\"twitter:data1\" content=\"1 minute\" \/>\n<script type=\"application\/ld+json\" class=\"yoast-schema-graph\">{\"@context\":\"https:\\\/\\\/schema.org\",\"@graph\":[{\"@type\":\"WebPage\",\"@id\":\"https:\\\/\\\/mh.wajax.com\\\/fr\\\/marques\\\/powerboss\\\/\",\"url\":\"https:\\\/\\\/mh.wajax.com\\\/fr\\\/marques\\\/powerboss\\\/\",\"name\":\"PowerBoss - Wajax Manutention\",\"isPartOf\":{\"@id\":\"https:\\\/\\\/mh.wajax.com\\\/fr\\\/#website\"},\"primaryImageOfPage\":{\"@id\":\"https:\\\/\\\/mh.wajax.com\\\/fr\\\/marques\\\/powerboss\\\/#primaryimage\"},\"image\":{\"@id\":\"https:\\\/\\\/mh.wajax.com\\\/fr\\\/marques\\\/powerboss\\\/#primaryimage\"},\"thumbnailUrl\":\"https:\\\/\\\/mh.wajax.com\\\/wp-content\\\/uploads\\\/2024\\\/12\\\/White-Background-with-Orange-PB-Logo-and-Grey-POC-300x66-1.png\",\"datePublished\":\"2025-03-28T16:30:46+00:00\",\"dateModified\":\"2025-07-09T19:47:18+00:00\",\"breadcrumb\":{\"@id\":\"https:\\\/\\\/mh.wajax.com\\\/fr\\\/marques\\\/powerboss\\\/#breadcrumb\"},\"inLanguage\":\"fr-FR\",\"potentialAction\":[{\"@type\":\"ReadAction\",\"target\":[\"https:\\\/\\\/mh.wajax.com\\\/fr\\\/marques\\\/powerboss\\\/\"]}]},{\"@type\":\"ImageObject\",\"inLanguage\":\"fr-FR\",\"@id\":\"https:\\\/\\\/mh.wajax.com\\\/fr\\\/marques\\\/powerboss\\\/#primaryimage\",\"url\":\"https:\\\/\\\/mh.wajax.com\\\/wp-content\\\/uploads\\\/2024\\\/12\\\/White-Background-with-Orange-PB-Logo-and-Grey-POC-300x66-1.png\",\"contentUrl\":\"https:\\\/\\\/mh.wajax.com\\\/wp-content\\\/uploads\\\/2024\\\/12\\\/White-Background-with-Orange-PB-Logo-and-Grey-POC-300x66-1.png\"},{\"@type\":\"BreadcrumbList\",\"@id\":\"https:\\\/\\\/mh.wajax.com\\\/fr\\\/marques\\\/powerboss\\\/#breadcrumb\",\"itemListElement\":[{\"@type\":\"ListItem\",\"position\":1,\"name\":\"Home\",\"item\":\"https:\\\/\\\/mh.wajax.com\\\/fr\\\/\"},{\"@type\":\"ListItem\",\"position\":2,\"name\":\"Marques\",\"item\":\"https:\\\/\\\/mh.wajax.com\\\/fr\\\/marques\\\/\"},{\"@type\":\"ListItem\",\"position\":3,\"name\":\"PowerBoss\"}]},{\"@type\":\"WebSite\",\"@id\":\"https:\\\/\\\/mh.wajax.com\\\/fr\\\/#website\",\"url\":\"https:\\\/\\\/mh.wajax.com\\\/fr\\\/\",\"name\":\"Wajax Manutention\",\"description\":\"Hyster &amp; Yale Forklift Dealer\",\"potentialAction\":[{\"@type\":\"SearchAction\",\"target\":{\"@type\":\"EntryPoint\",\"urlTemplate\":\"https:\\\/\\\/mh.wajax.com\\\/fr\\\/?s={search_term_string}\"},\"query-input\":{\"@type\":\"PropertyValueSpecification\",\"valueRequired\":true,\"valueName\":\"search_term_string\"}}],\"inLanguage\":\"fr-FR\"}]}<\/script>\n<!-- \/ Yoast SEO plugin. -->","yoast_head_json":{"title":"PowerBoss - Wajax Manutention","robots":{"index":"index","follow":"follow","max-snippet":"max-snippet:-1","max-image-preview":"max-image-preview:large","max-video-preview":"max-video-preview:-1"},"canonical":"https:\/\/mh.wajax.com\/fr\/marques\/powerboss\/","og_locale":"fr_FR","og_type":"article","og_title":"PowerBoss - Wajax Manutention","og_description":"Balayeuses et brosseuses PowerBoss et service apr\u00e8s-vente offerts par Wajax PowerBoss fabrique des \u00e9quipements de nettoyage de planchers industriels depuis 1985. Sa gamme de balayeuses, de brosseuses \u00e0 conducteur port\u00e9 et de brosseuses\/balayeuses \u00e0 conducteur accompagnant a \u00e9t\u00e9 m\u00e9ticuleusement con\u00e7ue pour fournir un \u00e9quipement de nettoyage fiable et rentable r\u00e9pondant \u00e0 tous vos besoins en&hellip;","og_url":"https:\/\/mh.wajax.com\/fr\/marques\/powerboss\/","og_site_name":"Wajax Manutention","article_modified_time":"2025-07-09T19:47:18+00:00","og_image":[{"width":300,"height":66,"url":"https:\/\/mh.wajax.com\/wp-content\/uploads\/2024\/12\/White-Background-with-Orange-PB-Logo-and-Grey-POC-300x66-1.png","type":"image\/png"}],"twitter_card":"summary_large_image","twitter_misc":{"Est. reading time":"1 minute"},"schema":{"@context":"https:\/\/schema.org","@graph":[{"@type":"WebPage","@id":"https:\/\/mh.wajax.com\/fr\/marques\/powerboss\/","url":"https:\/\/mh.wajax.com\/fr\/marques\/powerboss\/","name":"PowerBoss - Wajax Manutention","isPartOf":{"@id":"https:\/\/mh.wajax.com\/fr\/#website"},"primaryImageOfPage":{"@id":"https:\/\/mh.wajax.com\/fr\/marques\/powerboss\/#primaryimage"},"image":{"@id":"https:\/\/mh.wajax.com\/fr\/marques\/powerboss\/#primaryimage"},"thumbnailUrl":"https:\/\/mh.wajax.com\/wp-content\/uploads\/2024\/12\/White-Background-with-Orange-PB-Logo-and-Grey-POC-300x66-1.png","datePublished":"2025-03-28T16:30:46+00:00","dateModified":"2025-07-09T19:47:18+00:00","breadcrumb":{"@id":"https:\/\/mh.wajax.com\/fr\/marques\/powerboss\/#breadcrumb"},"inLanguage":"fr-FR","potentialAction":[{"@type":"ReadAction","target":["https:\/\/mh.wajax.com\/fr\/marques\/powerboss\/"]}]},{"@type":"ImageObject","inLanguage":"fr-FR","@id":"https:\/\/mh.wajax.com\/fr\/marques\/powerboss\/#primaryimage","url":"https:\/\/mh.wajax.com\/wp-content\/uploads\/2024\/12\/White-Background-with-Orange-PB-Logo-and-Grey-POC-300x66-1.png","contentUrl":"https:\/\/mh.wajax.com\/wp-content\/uploads\/2024\/12\/White-Background-with-Orange-PB-Logo-and-Grey-POC-300x66-1.png"},{"@type":"BreadcrumbList","@id":"https:\/\/mh.wajax.com\/fr\/marques\/powerboss\/#breadcrumb","itemListElement":[{"@type":"ListItem","position":1,"name":"Home","item":"https:\/\/mh.wajax.com\/fr\/"},{"@type":"ListItem","position":2,"name":"Marques","item":"https:\/\/mh.wajax.com\/fr\/marques\/"},{"@type":"ListItem","position":3,"name":"PowerBoss"}]},{"@type":"WebSite","@id":"https:\/\/mh.wajax.com\/fr\/#website","url":"https:\/\/mh.wajax.com\/fr\/","name":"Wajax Manutention","description":"Hyster &amp; Yale Forklift Dealer","potentialAction":[{"@type":"SearchAction","target":{"@type":"EntryPoint","urlTemplate":"https:\/\/mh.wajax.com\/fr\/?s={search_term_string}"},"query-input":{"@type":"PropertyValueSpecification","valueRequired":true,"valueName":"search_term_string"}}],"inLanguage":"fr-FR"}]}},"_links":{"self":[{"href":"https:\/\/mh.wajax.com\/fr\/wp-json\/wp\/v2\/pages\/59909","targetHints":{"allow":["GET"]}}],"collection":[{"href":"https:\/\/mh.wajax.com\/fr\/wp-json\/wp\/v2\/pages"}],"about":[{"href":"https:\/\/mh.wajax.com\/fr\/wp-json\/wp\/v2\/types\/page"}],"author":[{"embeddable":true,"href":"https:\/\/mh.wajax.com\/fr\/wp-json\/wp\/v2\/users\/7"}],"replies":[{"embeddable":true,"href":"https:\/\/mh.wajax.com\/fr\/wp-json\/wp\/v2\/comments?post=59909"}],"version-history":[{"count":0,"href":"https:\/\/mh.wajax.com\/fr\/wp-json\/wp\/v2\/pages\/59909\/revisions"}],"up":[{"embeddable":true,"href":"https:\/\/mh.wajax.com\/fr\/wp-json\/wp\/v2\/pages\/59412"}],"wp:attachment":[{"href":"https:\/\/mh.wajax.com\/fr\/wp-json\/wp\/v2\/media?parent=59909"}],"curies":[{"name":"wp","href":"https:\/\/api.w.org\/{rel}","templated":true}]}}