{"id":59437,"date":"2025-01-03T11:17:22","date_gmt":"2025-01-03T16:17:22","guid":{"rendered":"https:\/\/wajaxmh.wpenginepowered.com\/domaines-dexpertise\/"},"modified":"2025-07-01T16:52:22","modified_gmt":"2025-07-01T20:52:22","slug":"domaines-dexpertise","status":"publish","type":"page","link":"https:\/\/mh.wajax.com\/fr\/service\/domaines-dexpertise\/","title":{"rendered":"Domaines d\u2019expertise"},"content":{"rendered":"\n<h3 class=\"wp-block-heading\" id=\"repairs\">R\u00e9parations et remises \u00e0 neuf<\/h3>\n\n<div class=\"wp-block-columns is-layout-flex wp-container-core-columns-is-layout-9d6595d7 wp-block-columns-is-layout-flex\">\n<div class=\"wp-block-column is-layout-flow wp-block-column-is-layout-flow\">\n<p>Remettez votre \u00e9quipement et vos composants en \u00e9tat ou tirez parti de la r\u00e9tro-ing\u00e9nierie pour d\u00e9velopper une meilleure solution.<\/p>\n\n\n\n<p>Notre expertise sp\u00e9cialis\u00e9e et nos techniciens qualifi\u00e9s r\u00e9pareront et remettront \u00e0 neuf les composants d\u00e9fectueux, identifieront la raison de la d\u00e9faillance et remonteront les machines en utilisant des composants neufs ou remis \u00e0 neuf.<\/p>\n<\/div>\n\n\n\n<div class=\"wp-block-column is-layout-flow wp-block-column-is-layout-flow\">\n<figure class=\"wp-block-image size-full\"><img loading=\"lazy\" decoding=\"async\" width=\"650\" height=\"390\" src=\"https:\/\/mh.wajax.com\/wp-content\/uploads\/2025\/01\/ERS-Hub-Images-Updated_03Trimac-Hammer-1.jpg\" alt=\"\" class=\"wp-image-58096\" srcset=\"https:\/\/mh.wajax.com\/wp-content\/uploads\/2025\/01\/ERS-Hub-Images-Updated_03Trimac-Hammer-1.jpg 650w, https:\/\/mh.wajax.com\/wp-content\/uploads\/2025\/01\/ERS-Hub-Images-Updated_03Trimac-Hammer-1-300x180.jpg 300w\" sizes=\"auto, (max-width: 650px) 100vw, 650px\" \/><\/figure>\n<\/div>\n<\/div>\n\n<p>Notre travail est soumis \u00e0 des essais rigoureux afin de garantir que toutes les caract\u00e9ristiques techniques et les exigences sont respect\u00e9es et il est accompagn\u00e9 d\u2019une promesse de garantie sup\u00e9rieure.<\/p>\n\n<p><strong>Nous effectuons la r\u00e9paration et la remise \u00e0 neuf pour toutes nos disciplines principales\u00a0:<\/strong><\/p>\n\n<ul class=\"wp-block-list\">\n<li><a href=\"https:\/\/www.wajax.com\/fr\/engineered-repair-services\/services-and-solutions\/hydraulic-solutions\/\">Solutions hydrauliques<\/a><\/li>\n\n\n\n<li><a href=\"https:\/\/www.wajax.com\/fr\/engineered-repair-services\/services-and-solutions\/process-solutions\/\">Solutions de proc\u00e9d\u00e9s<\/a><\/li>\n\n\n\n<li><a href=\"https:\/\/www.wajax.com\/fr\/engineered-repair-services\/services-and-solutions\/mechanical-solutions\/\">Solutions m\u00e9caniques<\/a><\/li>\n\n\n\n<li><a href=\"https:\/\/www.wajax.com\/fr\/engineered-repair-services\/services-and-solutions\/mechanical-solutions\/electromechanical-solutions\/\">Solutions \u00e9lectrom\u00e9caniques<\/a><\/li>\n<\/ul>\n\n<hr class=\"wp-block-separator has-alpha-channel-opacity is-style-wide\"\/>\n\n<h3 class=\"wp-block-heading\" id=\"component-assembly-and-testing\">Assemblage et essais de composants<\/h3>\n\n<p>Les essais de composants sont men\u00e9s pour identifier les \u00e9l\u00e9ments potentiellement d\u00e9fectueux afin de s\u2019assurer qu\u2019ils r\u00e9pondent aux essais d\u2019analyse de l\u2019environnement, de fiabilit\u00e9 des \u00e9quipements et de d\u00e9fectuosit\u00e9 et ainsi \u00e9viter les pannes de syst\u00e8mes co\u00fbteuses. Nous vous assisterons dans la cr\u00e9ation de plans d\u2019essai \u00e0 spectre complet pour tous vos syst\u00e8mes d\u2019entra\u00eenement \u00e9lectrique, hydraulique ou m\u00e9canique.<\/p>\n\n<p><strong>Apprenez-en davantage sur nos capacit\u00e9s d\u2019essai internes.<\/strong><\/p>\n\n<ul class=\"wp-block-list\">\n<li><a href=\"https:\/\/www.wajax.com\/fr\/engineered-repair-services\/services-and-solutions\/hydraulic-solutions\/\">Solutions hydrauliques<\/a><\/li>\n\n\n\n<li><a href=\"https:\/\/www.wajax.com\/fr\/engineered-repair-services\/services-and-solutions\/process-solutions\/\">Solutions de proc\u00e9d\u00e9s<\/a><\/li>\n<\/ul>\n\n<p><\/p>\n\n<hr class=\"wp-block-separator has-alpha-channel-opacity is-style-wide\"\/>\n\n<h3 class=\"wp-block-heading\" id=\"installation\">Installation, mise en service et d\u00e9marrage<\/h3>\n\n<p>Nous offrons une vaste gamme de services d\u2019installation et de d\u00e9marrage pour vous garantir que chaque composant de votre projet fonctionne parfaitement.<\/p>\n\n<div class=\"wp-block-columns is-layout-flex wp-container-core-columns-is-layout-9d6595d7 wp-block-columns-is-layout-flex\">\n<div class=\"wp-block-column is-layout-flow wp-block-column-is-layout-flow\">\n<figure class=\"wp-block-image size-large\"><img loading=\"lazy\" decoding=\"async\" width=\"1024\" height=\"591\" src=\"https:\/\/mh.wajax.com\/wp-content\/uploads\/2025\/01\/Service-Solution_Callout_03-1024x591.jpg\" alt=\"\" class=\"wp-image-58098\" srcset=\"https:\/\/mh.wajax.com\/wp-content\/uploads\/2025\/01\/Service-Solution_Callout_03-1024x591.jpg 1024w, https:\/\/mh.wajax.com\/wp-content\/uploads\/2025\/01\/Service-Solution_Callout_03-300x173.jpg 300w, https:\/\/mh.wajax.com\/wp-content\/uploads\/2025\/01\/Service-Solution_Callout_03-768x443.jpg 768w, https:\/\/mh.wajax.com\/wp-content\/uploads\/2025\/01\/Service-Solution_Callout_03.jpg 1450w\" sizes=\"auto, (max-width: 1024px) 100vw, 1024px\" \/><\/figure>\n<\/div>\n\n\n\n<div class=\"wp-block-column is-layout-flow wp-block-column-is-layout-flow\">\n<p><strong>Les services comprennent les \u00e9l\u00e9ments suivants\u00a0:<\/strong><\/p>\n\n\n\n<ul class=\"wp-block-list\">\n<li>Supervision de l\u2019installation et de la mise en service<\/li>\n\n\n\n<li>Plans de mise en \u0153uvre<\/li>\n\n\n\n<li>\u00c9valuation des proc\u00e9d\u00e9s et de la tuyauterie<\/li>\n\n\n\n<li>Solutions techniques cl\u00e9s en main<\/li>\n\n\n\n<li>Roulements et paliers \u00e0 chapeau <\/li>\n\n\n\n<li>Construction et gestion de chantier<\/li>\n\n\n\n<li>Analyses vibratoires, contr\u00f4les vibratoires et qualification<\/li>\n\n\n\n<li>Alignement m\u00e9canique<\/li>\n\n\n\n<li>Validation \u00e9lectrique des moteurs<\/li>\n\n\n\n<li>Validation du d\u00e9marrage de paliers antifriction<\/li>\n<\/ul>\n<\/div>\n<\/div>\n\n<p><strong>Installation et d\u00e9montage<\/strong><\/p>\n\n<ul class=\"wp-block-list\">\n<li>Installation et d\u00e9montage complets de toutes les unit\u00e9s (moteurs \u00e9lectriques, bo\u00eete de vitesses et roulements)\u200b<\/li>\n\n\n\n<li>Alignement m\u00e9canique de tous les composants\u200b<\/li>\n\n\n\n<li>V\u00e9rification des centres magn\u00e9tiques\u200b<\/li>\n\n\n\n<li>Installation et r\u00e9glage de raccords d\u2019accouplement (Airflex)\u200b<\/li>\n\n\n\n<li>Mesure de la temp\u00e9rature, contr\u00f4les vibratoires et diagnostic<\/li>\n<\/ul>\n\n<div class=\"wp-block-columns is-layout-flex wp-container-core-columns-is-layout-9d6595d7 wp-block-columns-is-layout-flex\">\n<div class=\"wp-block-column is-layout-flow wp-block-column-is-layout-flow\">\n<p><strong>\u00c9lectricit\u00e9\u00a0:<\/strong> <strong>Entretien pr\u00e9ventif et audits<\/strong><\/p>\n\n\n\n<ul class=\"wp-block-list\">\n<li>Inspection d\u2019\u00e9quipementier de niveaux\u00a01 \u00e0 4 et assistance aupr\u00e8s de l\u2019\u00e9quipementier (ABB, GE, etc.)<\/li>\n\n\n\n<li>Essais d\u2019entretien d\u2019isolation des moteurs \u00e9lectriques (moteurs de broyeur, de ventilateur, de lubrification, etc.) selon les derni\u00e8res technologies (entretien pr\u00e9ventif des moteurs \u00e9lectriques)<\/li>\n\n\n\n<li>V\u00e9rification du syst\u00e8me d\u2019excitation (brosses, bagues, etc.)<\/li>\n\n\n\n<li>\u00c9tat de tendance de l\u2019isolation<\/li>\n\n\n\n<li>Contr\u00f4le visuel par endoscopie de l\u2019\u00e9tat r\u00e9el de l\u2019enroulement et de l\u2019isolation<\/li>\n<\/ul>\n<\/div>\n\n\n\n<div class=\"wp-block-column is-layout-flow wp-block-column-is-layout-flow\">\n<p><strong>M\u00e9canique\u00a0:<\/strong> <strong>Entretien pr\u00e9ventif et audits<\/strong><\/p>\n\n\n\n<ul class=\"wp-block-list\">\n<li>Inspection d\u2019\u00e9quipementier de niveaux\u00a01 \u00e0 4 et assistance aupr\u00e8s de l\u2019\u00e9quipementier<\/li>\n\n\n\n<li>Contr\u00f4le de l\u2019alignement du pignon au moteur<\/li>\n\n\n\n<li>Inspection des paliers lisses et des port\u00e9es d\u2019arbre (par laser)<\/li>\n\n\n\n<li>Usure des engrenages et inspection des machines<\/li>\n\n\n\n<li>Lubrification et \u00e9tat des bagues collectrices<\/li>\n\n\n\n<li>Endoscopie et inspection des bo\u00eetes de vitesses<\/li>\n<\/ul>\n<\/div>\n<\/div>\n\n<hr class=\"wp-block-separator has-alpha-channel-opacity is-style-wide\"\/>\n\n<h3 class=\"wp-block-heading\" id=\"preventative\">Services d\u2019entretien pr\u00e9ventif<\/h3>\n\n<p>Gr\u00e2ce \u00e0 nos services d\u2019entretien pr\u00e9dictif, notre \u00e9quipe interne et mobile form\u00e9e de plus de 500 ing\u00e9nieurs et techniciens qualifi\u00e9s analysera vos \u00e9quipements et vous proposera des solutions sur mesure pour optimiser vos op\u00e9rations.<\/p>\n\n<hr class=\"wp-block-separator has-alpha-channel-opacity is-style-wide\"\/>\n\n<h3 class=\"wp-block-heading\" id=\"turnaround\">Services de remise en \u0153uvre et d\u2019arr\u00eat<\/h3>\n\n<p>Une mise en arr\u00eat bien planifi\u00e9e pour r\u00e9pondre \u00e0 des besoins de r\u00e9paration et d\u2019entretien programm\u00e9s, de mise \u00e0 niveau des syst\u00e8mes, de remise \u00e0 neuf, d\u2019inspections de machines et d\u2019essais de composants peut avoir un impact financier positif sur votre usine et vous garantir qu\u2019elle fonctionne \u00e0 une capacit\u00e9 optimale pendant des ann\u00e9es avec une usure minimale. Nous excellons dans la gestion experte de l\u2019ex\u00e9cution et des services d\u2019arr\u00eat d\u2019usine qui minimisent les co\u00fbts de m\u00eame que vos temps d\u2019arr\u00eat tout en vous pr\u00e9parant pour un succ\u00e8s futur.<\/p>\n\n<hr class=\"wp-block-separator has-alpha-channel-opacity is-style-wide\"\/>\n\n<h3 class=\"wp-block-heading\" id=\"asset-management\">Gestion des actifs<\/h3>\n\n<p>Des processus de gestion des actifs optimaux contribuent \u00e0 prolonger la dur\u00e9e de vie de vos machines essentielles, am\u00e9liorent l\u2019efficacit\u00e9 op\u00e9rationnelle et permettent un entretien pr\u00e9dictif fiable et am\u00e9lior\u00e9 pour offrir un rendement du capital investi maximal. Nous vous aiderons \u00e0 trouver une solution rentable qui saura r\u00e9aliser des performances constantes et accrues.<\/p>\n\n<p><strong>Les services comprennent les \u00e9l\u00e9ments suivants\u00a0:<\/strong><\/p>\n\n<ul class=\"wp-block-list\">\n<li>Mise en \u0153uvre de la GMAO<\/li>\n\n\n\n<li>Registre des actifs<\/li>\n\n\n\n<li>Strat\u00e9gies d\u2019entretien (pr\u00e9ventif)<\/li>\n\n\n\n<li>Analyse de la criticit\u00e9<\/li>\n\n\n\n<li>Entretien centr\u00e9 sur la fiabilit\u00e9<\/li>\n\n\n\n<li>Plans de travail<\/li>\n\n\n\n<li>Pi\u00e8ces de rechange et stock optimis\u00e9<\/li>\n\n\n\n<li>Registres du mat\u00e9riel \u2013 Nomenclatures et optimisation des pi\u00e8ces de rechange<\/li>\n<\/ul>\n\n<hr class=\"wp-block-separator has-alpha-channel-opacity is-style-wide\"\/>\n\n<h3 class=\"wp-block-heading\" id=\"field-services\">Services sur le terrain<\/h3>\n\n<div class=\"wp-block-columns is-layout-flex wp-container-core-columns-is-layout-9d6595d7 wp-block-columns-is-layout-flex\">\n<div class=\"wp-block-column is-layout-flow wp-block-column-is-layout-flow\">\n<p>Nous proposons l\u2019entretien des produits que nous vendons. Avec plus de 950 techniciens qualifi\u00e9s \u0153uvrant dans une centaine de succursales et de <a href=\"https:\/\/www.wajax.com\/fr\/service-repair-and-rebuilds-centre-of-excellence\/\">centres d\u2019excellence<\/a>\u00a0\u00e0 travers le Canada, nous offrons du soutien aux clients locaux au moment et \u00e0 l\u2019endroit o\u00f9 ils en ont besoin. De plus, les r\u00e9parations et l\u2019entretien sur place peuvent \u00eatre organis\u00e9s selon votre calendrier de production ou int\u00e9gr\u00e9s \u00e0 des programmes d\u2019entretien planifi\u00e9s. Nous avons \u00e9galement une \u00e9quipe de techniciens mobiles exp\u00e9riment\u00e9s avec des remorques enti\u00e8rement \u00e9quip\u00e9es qui peut \u00eatre d\u00e9ploy\u00e9e rapidement n\u2019importe o\u00f9 de fa\u00e7on \u00e0 r\u00e9duire les temps d\u2019arr\u00eat et \u00e0 maximiser votre productivit\u00e9.<\/p>\n<\/div>\n\n\n\n<div class=\"wp-block-column is-layout-flow wp-block-column-is-layout-flow\">\n<figure class=\"wp-block-image\"><img decoding=\"async\" src=\"https:\/\/wajax-website-production.s3.us-west-2.amazonaws.com\/wp-content\/uploads\/wpfiles\/2021\/05\/ERS-Hub-Images_00-1.jpg\" alt=\"Un employ&#xE9; de Wajax assis sur le si&#xE8;ge conducteur travaillant sur un ordinateur portable\" class=\"wp-image-46895\"\/><\/figure>\n<\/div>\n<\/div>\n\n<p>De la gestion des actifs aux services de fiabilit\u00e9 des \u00e9quipements, en passant par l\u2019installation, la mise en service, la gestion et l\u2019ex\u00e9cution des programmes, le d\u00e9pannage et les services d\u2019urgence, vous pouvez faire appel \u00e0 nous pour tous vos besoins d\u2019entretien d\u2019\u00e9quipement.<\/p>\n\n<hr class=\"wp-block-separator has-alpha-channel-opacity is-style-wide\"\/>\n\n<h3 class=\"wp-block-heading\" id=\"emergency-repair-services\">Service de r\u00e9paration d\u2019urgence 24 h\/24, 7 j\/7<\/h3>\n\n<p>Comptant plus d\u2019une centaine de succursales d\u2019un oc\u00e9an \u00e0 l\u2019autre, Wajax vous donne acc\u00e8s \u00e0 une vaste gamme de services apr\u00e8s-vente et de soutien. Notre \u00e9quipe de techniciens mobiles form\u00e9s avec des remorques enti\u00e8rement \u00e9quip\u00e9es est en service 24\u00a0heures sur 24, 7\u00a0jours sur 7 et 365\u00a0jours par ann\u00e9e pour vous fournir des r\u00e9parations et de l\u2019assistance sur place, lorsque vous en avez besoin, afin de remettre votre \u00e9quipement en \u00e9tat de marche le plus rapidement possible. Nos services d\u2019urgence sp\u00e9cialis\u00e9s comprennent l\u2019installation et le d\u00e9montage de g\u00e9n\u00e9ratrices, d\u2019alternateurs, d\u2019\u00e9oliennes, de bo\u00eetes de vitesses, de pompes et bien plus encore!<\/p>\n","protected":false},"excerpt":{"rendered":"<p>R\u00e9parations et remises \u00e0 neuf Remettez votre \u00e9quipement et vos composants en \u00e9tat ou tirez parti de la r\u00e9tro-ing\u00e9nierie pour d\u00e9velopper une meilleure solution. Notre expertise sp\u00e9cialis\u00e9e et nos techniciens qualifi\u00e9s r\u00e9pareront et remettront \u00e0 neuf les composants d\u00e9fectueux, identifieront la raison de la d\u00e9faillance et remonteront les machines en utilisant des composants neufs ou&hellip;<\/p>\n","protected":false},"author":7,"featured_media":0,"parent":59894,"menu_order":0,"comment_status":"closed","ping_status":"closed","template":"","meta":{"_acf_changed":false,"footnotes":""},"class_list":["post-59437","page","type-page","status-publish","hentry"],"acf":[],"yoast_head":"<!-- This site is optimized with the Yoast SEO plugin v27.3 - https:\/\/yoast.com\/product\/yoast-seo-wordpress\/ -->\n<title>Domaines d\u2019expertise - Wajax Manutention<\/title>\n<meta name=\"robots\" content=\"index, follow, max-snippet:-1, max-image-preview:large, max-video-preview:-1\" \/>\n<link rel=\"canonical\" href=\"https:\/\/mh.wajax.com\/fr\/service\/domaines-dexpertise\/\" \/>\n<meta property=\"og:locale\" content=\"fr_FR\" \/>\n<meta property=\"og:type\" content=\"article\" \/>\n<meta property=\"og:title\" content=\"Domaines d\u2019expertise - Wajax Manutention\" \/>\n<meta property=\"og:description\" content=\"R\u00e9parations et remises \u00e0 neuf Remettez votre \u00e9quipement et vos composants en \u00e9tat ou tirez parti de la r\u00e9tro-ing\u00e9nierie pour d\u00e9velopper une meilleure solution. Notre expertise sp\u00e9cialis\u00e9e et nos techniciens qualifi\u00e9s r\u00e9pareront et remettront \u00e0 neuf les composants d\u00e9fectueux, identifieront la raison de la d\u00e9faillance et remonteront les machines en utilisant des composants neufs ou&hellip;\" \/>\n<meta property=\"og:url\" content=\"https:\/\/mh.wajax.com\/fr\/service\/domaines-dexpertise\/\" \/>\n<meta property=\"og:site_name\" content=\"Wajax Manutention\" \/>\n<meta property=\"article:modified_time\" content=\"2025-07-01T20:52:22+00:00\" \/>\n<meta property=\"og:image\" content=\"https:\/\/mh.wajax.com\/wp-content\/uploads\/2025\/01\/ERS-Hub-Images-Updated_03Trimac-Hammer-1.jpg\" \/>\n\t<meta property=\"og:image:width\" content=\"650\" \/>\n\t<meta property=\"og:image:height\" content=\"390\" \/>\n\t<meta property=\"og:image:type\" content=\"image\/jpeg\" \/>\n<meta name=\"twitter:card\" content=\"summary_large_image\" \/>\n<meta name=\"twitter:label1\" content=\"Est. reading time\" \/>\n\t<meta name=\"twitter:data1\" content=\"5 minutes\" \/>\n<script type=\"application\/ld+json\" class=\"yoast-schema-graph\">{\"@context\":\"https:\\\/\\\/schema.org\",\"@graph\":[{\"@type\":\"WebPage\",\"@id\":\"https:\\\/\\\/mh.wajax.com\\\/fr\\\/service\\\/domaines-dexpertise\\\/\",\"url\":\"https:\\\/\\\/mh.wajax.com\\\/fr\\\/service\\\/domaines-dexpertise\\\/\",\"name\":\"Domaines d\u2019expertise - Wajax Manutention\",\"isPartOf\":{\"@id\":\"https:\\\/\\\/mh.wajax.com\\\/fr\\\/#website\"},\"primaryImageOfPage\":{\"@id\":\"https:\\\/\\\/mh.wajax.com\\\/fr\\\/service\\\/domaines-dexpertise\\\/#primaryimage\"},\"image\":{\"@id\":\"https:\\\/\\\/mh.wajax.com\\\/fr\\\/service\\\/domaines-dexpertise\\\/#primaryimage\"},\"thumbnailUrl\":\"https:\\\/\\\/mh.wajax.com\\\/wp-content\\\/uploads\\\/2025\\\/01\\\/ERS-Hub-Images-Updated_03Trimac-Hammer-1.jpg\",\"datePublished\":\"2025-01-03T16:17:22+00:00\",\"dateModified\":\"2025-07-01T20:52:22+00:00\",\"breadcrumb\":{\"@id\":\"https:\\\/\\\/mh.wajax.com\\\/fr\\\/service\\\/domaines-dexpertise\\\/#breadcrumb\"},\"inLanguage\":\"fr-FR\",\"potentialAction\":[{\"@type\":\"ReadAction\",\"target\":[\"https:\\\/\\\/mh.wajax.com\\\/fr\\\/service\\\/domaines-dexpertise\\\/\"]}]},{\"@type\":\"ImageObject\",\"inLanguage\":\"fr-FR\",\"@id\":\"https:\\\/\\\/mh.wajax.com\\\/fr\\\/service\\\/domaines-dexpertise\\\/#primaryimage\",\"url\":\"https:\\\/\\\/mh.wajax.com\\\/wp-content\\\/uploads\\\/2025\\\/01\\\/ERS-Hub-Images-Updated_03Trimac-Hammer-1.jpg\",\"contentUrl\":\"https:\\\/\\\/mh.wajax.com\\\/wp-content\\\/uploads\\\/2025\\\/01\\\/ERS-Hub-Images-Updated_03Trimac-Hammer-1.jpg\"},{\"@type\":\"BreadcrumbList\",\"@id\":\"https:\\\/\\\/mh.wajax.com\\\/fr\\\/service\\\/domaines-dexpertise\\\/#breadcrumb\",\"itemListElement\":[{\"@type\":\"ListItem\",\"position\":1,\"name\":\"Home\",\"item\":\"https:\\\/\\\/mh.wajax.com\\\/fr\\\/\"},{\"@type\":\"ListItem\",\"position\":2,\"name\":\"Service\",\"item\":\"https:\\\/\\\/mh.wajax.com\\\/fr\\\/service\\\/\"},{\"@type\":\"ListItem\",\"position\":3,\"name\":\"Domaines d\u2019expertise\"}]},{\"@type\":\"WebSite\",\"@id\":\"https:\\\/\\\/mh.wajax.com\\\/fr\\\/#website\",\"url\":\"https:\\\/\\\/mh.wajax.com\\\/fr\\\/\",\"name\":\"Wajax Manutention\",\"description\":\"Hyster &amp; Yale Forklift Dealer\",\"potentialAction\":[{\"@type\":\"SearchAction\",\"target\":{\"@type\":\"EntryPoint\",\"urlTemplate\":\"https:\\\/\\\/mh.wajax.com\\\/fr\\\/?s={search_term_string}\"},\"query-input\":{\"@type\":\"PropertyValueSpecification\",\"valueRequired\":true,\"valueName\":\"search_term_string\"}}],\"inLanguage\":\"fr-FR\"}]}<\/script>\n<!-- \/ Yoast SEO plugin. -->","yoast_head_json":{"title":"Domaines d\u2019expertise - Wajax Manutention","robots":{"index":"index","follow":"follow","max-snippet":"max-snippet:-1","max-image-preview":"max-image-preview:large","max-video-preview":"max-video-preview:-1"},"canonical":"https:\/\/mh.wajax.com\/fr\/service\/domaines-dexpertise\/","og_locale":"fr_FR","og_type":"article","og_title":"Domaines d\u2019expertise - Wajax Manutention","og_description":"R\u00e9parations et remises \u00e0 neuf Remettez votre \u00e9quipement et vos composants en \u00e9tat ou tirez parti de la r\u00e9tro-ing\u00e9nierie pour d\u00e9velopper une meilleure solution. Notre expertise sp\u00e9cialis\u00e9e et nos techniciens qualifi\u00e9s r\u00e9pareront et remettront \u00e0 neuf les composants d\u00e9fectueux, identifieront la raison de la d\u00e9faillance et remonteront les machines en utilisant des composants neufs ou&hellip;","og_url":"https:\/\/mh.wajax.com\/fr\/service\/domaines-dexpertise\/","og_site_name":"Wajax Manutention","article_modified_time":"2025-07-01T20:52:22+00:00","og_image":[{"width":650,"height":390,"url":"https:\/\/mh.wajax.com\/wp-content\/uploads\/2025\/01\/ERS-Hub-Images-Updated_03Trimac-Hammer-1.jpg","type":"image\/jpeg"}],"twitter_card":"summary_large_image","twitter_misc":{"Est. reading time":"5 minutes"},"schema":{"@context":"https:\/\/schema.org","@graph":[{"@type":"WebPage","@id":"https:\/\/mh.wajax.com\/fr\/service\/domaines-dexpertise\/","url":"https:\/\/mh.wajax.com\/fr\/service\/domaines-dexpertise\/","name":"Domaines d\u2019expertise - Wajax Manutention","isPartOf":{"@id":"https:\/\/mh.wajax.com\/fr\/#website"},"primaryImageOfPage":{"@id":"https:\/\/mh.wajax.com\/fr\/service\/domaines-dexpertise\/#primaryimage"},"image":{"@id":"https:\/\/mh.wajax.com\/fr\/service\/domaines-dexpertise\/#primaryimage"},"thumbnailUrl":"https:\/\/mh.wajax.com\/wp-content\/uploads\/2025\/01\/ERS-Hub-Images-Updated_03Trimac-Hammer-1.jpg","datePublished":"2025-01-03T16:17:22+00:00","dateModified":"2025-07-01T20:52:22+00:00","breadcrumb":{"@id":"https:\/\/mh.wajax.com\/fr\/service\/domaines-dexpertise\/#breadcrumb"},"inLanguage":"fr-FR","potentialAction":[{"@type":"ReadAction","target":["https:\/\/mh.wajax.com\/fr\/service\/domaines-dexpertise\/"]}]},{"@type":"ImageObject","inLanguage":"fr-FR","@id":"https:\/\/mh.wajax.com\/fr\/service\/domaines-dexpertise\/#primaryimage","url":"https:\/\/mh.wajax.com\/wp-content\/uploads\/2025\/01\/ERS-Hub-Images-Updated_03Trimac-Hammer-1.jpg","contentUrl":"https:\/\/mh.wajax.com\/wp-content\/uploads\/2025\/01\/ERS-Hub-Images-Updated_03Trimac-Hammer-1.jpg"},{"@type":"BreadcrumbList","@id":"https:\/\/mh.wajax.com\/fr\/service\/domaines-dexpertise\/#breadcrumb","itemListElement":[{"@type":"ListItem","position":1,"name":"Home","item":"https:\/\/mh.wajax.com\/fr\/"},{"@type":"ListItem","position":2,"name":"Service","item":"https:\/\/mh.wajax.com\/fr\/service\/"},{"@type":"ListItem","position":3,"name":"Domaines d\u2019expertise"}]},{"@type":"WebSite","@id":"https:\/\/mh.wajax.com\/fr\/#website","url":"https:\/\/mh.wajax.com\/fr\/","name":"Wajax Manutention","description":"Hyster &amp; Yale Forklift Dealer","potentialAction":[{"@type":"SearchAction","target":{"@type":"EntryPoint","urlTemplate":"https:\/\/mh.wajax.com\/fr\/?s={search_term_string}"},"query-input":{"@type":"PropertyValueSpecification","valueRequired":true,"valueName":"search_term_string"}}],"inLanguage":"fr-FR"}]}},"_links":{"self":[{"href":"https:\/\/mh.wajax.com\/fr\/wp-json\/wp\/v2\/pages\/59437","targetHints":{"allow":["GET"]}}],"collection":[{"href":"https:\/\/mh.wajax.com\/fr\/wp-json\/wp\/v2\/pages"}],"about":[{"href":"https:\/\/mh.wajax.com\/fr\/wp-json\/wp\/v2\/types\/page"}],"author":[{"embeddable":true,"href":"https:\/\/mh.wajax.com\/fr\/wp-json\/wp\/v2\/users\/7"}],"replies":[{"embeddable":true,"href":"https:\/\/mh.wajax.com\/fr\/wp-json\/wp\/v2\/comments?post=59437"}],"version-history":[{"count":0,"href":"https:\/\/mh.wajax.com\/fr\/wp-json\/wp\/v2\/pages\/59437\/revisions"}],"up":[{"embeddable":true,"href":"https:\/\/mh.wajax.com\/fr\/wp-json\/wp\/v2\/pages\/59894"}],"wp:attachment":[{"href":"https:\/\/mh.wajax.com\/fr\/wp-json\/wp\/v2\/media?parent=59437"}],"curies":[{"name":"wp","href":"https:\/\/api.w.org\/{rel}","templated":true}]}}