{"id":59433,"date":"2025-03-13T13:33:21","date_gmt":"2025-03-13T17:33:21","guid":{"rendered":"https:\/\/wajaxmh.wpenginepowered.com\/cages-et-cloisons\/"},"modified":"2025-07-09T09:44:51","modified_gmt":"2025-07-09T13:44:51","slug":"cages-et-cloisons","status":"publish","type":"page","link":"https:\/\/mh.wajax.com\/fr\/entreposage\/cages-et-cloisons\/","title":{"rendered":"Cages et cloisons"},"content":{"rendered":"\n<ul class=\"wp-block-list\">\n<li>S\u00e9curisez diff\u00e9rentes zones avec des cloisons m\u00e9talliques con\u00e7ues et fabriqu\u00e9es sur mesure pour s\u2019adapter \u00e0 vos besoins.<\/li>\n\n\n\n<li>Les options de mat\u00e9riaux de panneaux comprennent le treillis m\u00e9tallique, le m\u00e9tal d\u00e9ploy\u00e9, la t\u00f4le et le polycarbonate.<\/li>\n\n\n\n<li>Int\u00e9grez \u00e0 vos projets un toit, des portes battantes, des portes coulissantes, des barres antipaniques et diverses options de verrouillage.<a href=\"https:\/\/www.wajax.com\/request-a-quote?type=new&amp;pid=22144\"><\/a><\/li>\n<\/ul>\n\n<figure class=\"wp-block-gallery has-nested-images columns-default is-cropped wp-block-gallery-1 is-layout-flex wp-block-gallery-is-layout-flex\">\n<figure class=\"wp-block-image size-large\"><img loading=\"lazy\" decoding=\"async\" width=\"1024\" height=\"683\" data-id=\"58848\" src=\"https:\/\/mh.wajax.com\/wp-content\/uploads\/2025\/03\/2-Drug-Storage-Cage-1024x683.jpg\" alt=\"\" class=\"wp-image-58848\" srcset=\"https:\/\/mh.wajax.com\/wp-content\/uploads\/2025\/03\/2-Drug-Storage-Cage-1024x683.jpg 1024w, https:\/\/mh.wajax.com\/wp-content\/uploads\/2025\/03\/2-Drug-Storage-Cage-300x200.jpg 300w, https:\/\/mh.wajax.com\/wp-content\/uploads\/2025\/03\/2-Drug-Storage-Cage-768x512.jpg 768w, https:\/\/mh.wajax.com\/wp-content\/uploads\/2025\/03\/2-Drug-Storage-Cage-1536x1024.jpg 1536w, https:\/\/mh.wajax.com\/wp-content\/uploads\/2025\/03\/2-Drug-Storage-Cage-2048x1365.jpg 2048w\" sizes=\"auto, (max-width: 1024px) 100vw, 1024px\" \/><\/figure>\n\n\n\n<figure class=\"wp-block-image size-large\"><img loading=\"lazy\" decoding=\"async\" width=\"1024\" height=\"682\" data-id=\"58850\" src=\"https:\/\/mh.wajax.com\/wp-content\/uploads\/2025\/03\/3-Sheet-Metal-Lexan-Partition-1024x682.jpg\" alt=\"\" class=\"wp-image-58850\" srcset=\"https:\/\/mh.wajax.com\/wp-content\/uploads\/2025\/03\/3-Sheet-Metal-Lexan-Partition-1024x682.jpg 1024w, https:\/\/mh.wajax.com\/wp-content\/uploads\/2025\/03\/3-Sheet-Metal-Lexan-Partition-300x200.jpg 300w, https:\/\/mh.wajax.com\/wp-content\/uploads\/2025\/03\/3-Sheet-Metal-Lexan-Partition-768x512.jpg 768w, https:\/\/mh.wajax.com\/wp-content\/uploads\/2025\/03\/3-Sheet-Metal-Lexan-Partition-1536x1024.jpg 1536w, https:\/\/mh.wajax.com\/wp-content\/uploads\/2025\/03\/3-Sheet-Metal-Lexan-Partition-2048x1365.jpg 2048w\" sizes=\"auto, (max-width: 1024px) 100vw, 1024px\" \/><\/figure>\n\n\n\n<figure class=\"wp-block-image size-large\"><img loading=\"lazy\" decoding=\"async\" width=\"768\" height=\"512\" data-id=\"58839\" src=\"https:\/\/mh.wajax.com\/wp-content\/uploads\/2025\/03\/1-Security-Cage-768x512-1.jpg\" alt=\"\" class=\"wp-image-58839\" srcset=\"https:\/\/mh.wajax.com\/wp-content\/uploads\/2025\/03\/1-Security-Cage-768x512-1.jpg 768w, https:\/\/mh.wajax.com\/wp-content\/uploads\/2025\/03\/1-Security-Cage-768x512-1-300x200.jpg 300w\" sizes=\"auto, (max-width: 768px) 100vw, 768px\" \/><\/figure>\n<\/figure>\n","protected":false},"excerpt":{"rendered":"","protected":false},"author":7,"featured_media":0,"parent":59434,"menu_order":0,"comment_status":"closed","ping_status":"closed","template":"","meta":{"_acf_changed":false,"footnotes":""},"class_list":["post-59433","page","type-page","status-publish","hentry"],"acf":[],"yoast_head":"<!-- This site is optimized with the Yoast SEO plugin v27.3 - https:\/\/yoast.com\/product\/yoast-seo-wordpress\/ -->\n<title>Cages et cloisons - Wajax Manutention<\/title>\n<meta name=\"robots\" content=\"index, follow, max-snippet:-1, max-image-preview:large, max-video-preview:-1\" \/>\n<link rel=\"canonical\" href=\"https:\/\/mh.wajax.com\/fr\/entreposage\/cages-et-cloisons\/\" \/>\n<meta property=\"og:locale\" content=\"fr_FR\" \/>\n<meta property=\"og:type\" content=\"article\" \/>\n<meta property=\"og:title\" content=\"Cages et cloisons - Wajax Manutention\" \/>\n<meta property=\"og:url\" content=\"https:\/\/mh.wajax.com\/fr\/entreposage\/cages-et-cloisons\/\" \/>\n<meta property=\"og:site_name\" content=\"Wajax Manutention\" \/>\n<meta property=\"article:modified_time\" content=\"2025-07-09T13:44:51+00:00\" \/>\n<meta property=\"og:image\" content=\"https:\/\/mh.wajax.com\/wp-content\/uploads\/2025\/03\/2-Drug-Storage-Cage-scaled.jpg\" \/>\n\t<meta property=\"og:image:width\" content=\"2560\" \/>\n\t<meta property=\"og:image:height\" content=\"1707\" \/>\n\t<meta property=\"og:image:type\" content=\"image\/jpeg\" \/>\n<meta name=\"twitter:card\" content=\"summary_large_image\" \/>\n<script type=\"application\/ld+json\" class=\"yoast-schema-graph\">{\"@context\":\"https:\\\/\\\/schema.org\",\"@graph\":[{\"@type\":\"WebPage\",\"@id\":\"https:\\\/\\\/mh.wajax.com\\\/fr\\\/entreposage\\\/cages-et-cloisons\\\/\",\"url\":\"https:\\\/\\\/mh.wajax.com\\\/fr\\\/entreposage\\\/cages-et-cloisons\\\/\",\"name\":\"Cages et cloisons - Wajax Manutention\",\"isPartOf\":{\"@id\":\"https:\\\/\\\/mh.wajax.com\\\/fr\\\/#website\"},\"primaryImageOfPage\":{\"@id\":\"https:\\\/\\\/mh.wajax.com\\\/fr\\\/entreposage\\\/cages-et-cloisons\\\/#primaryimage\"},\"image\":{\"@id\":\"https:\\\/\\\/mh.wajax.com\\\/fr\\\/entreposage\\\/cages-et-cloisons\\\/#primaryimage\"},\"thumbnailUrl\":\"https:\\\/\\\/mh.wajax.com\\\/wp-content\\\/uploads\\\/2025\\\/03\\\/2-Drug-Storage-Cage-1024x683.jpg\",\"datePublished\":\"2025-03-13T17:33:21+00:00\",\"dateModified\":\"2025-07-09T13:44:51+00:00\",\"breadcrumb\":{\"@id\":\"https:\\\/\\\/mh.wajax.com\\\/fr\\\/entreposage\\\/cages-et-cloisons\\\/#breadcrumb\"},\"inLanguage\":\"fr-FR\",\"potentialAction\":[{\"@type\":\"ReadAction\",\"target\":[\"https:\\\/\\\/mh.wajax.com\\\/fr\\\/entreposage\\\/cages-et-cloisons\\\/\"]}]},{\"@type\":\"ImageObject\",\"inLanguage\":\"fr-FR\",\"@id\":\"https:\\\/\\\/mh.wajax.com\\\/fr\\\/entreposage\\\/cages-et-cloisons\\\/#primaryimage\",\"url\":\"https:\\\/\\\/mh.wajax.com\\\/wp-content\\\/uploads\\\/2025\\\/03\\\/2-Drug-Storage-Cage-1024x683.jpg\",\"contentUrl\":\"https:\\\/\\\/mh.wajax.com\\\/wp-content\\\/uploads\\\/2025\\\/03\\\/2-Drug-Storage-Cage-1024x683.jpg\"},{\"@type\":\"BreadcrumbList\",\"@id\":\"https:\\\/\\\/mh.wajax.com\\\/fr\\\/entreposage\\\/cages-et-cloisons\\\/#breadcrumb\",\"itemListElement\":[{\"@type\":\"ListItem\",\"position\":1,\"name\":\"Home\",\"item\":\"https:\\\/\\\/mh.wajax.com\\\/fr\\\/\"},{\"@type\":\"ListItem\",\"position\":2,\"name\":\"Entreposage\",\"item\":\"https:\\\/\\\/mh.wajax.com\\\/fr\\\/entreposage\\\/\"},{\"@type\":\"ListItem\",\"position\":3,\"name\":\"Cages et cloisons\"}]},{\"@type\":\"WebSite\",\"@id\":\"https:\\\/\\\/mh.wajax.com\\\/fr\\\/#website\",\"url\":\"https:\\\/\\\/mh.wajax.com\\\/fr\\\/\",\"name\":\"Wajax Manutention\",\"description\":\"Hyster &amp; Yale Forklift Dealer\",\"potentialAction\":[{\"@type\":\"SearchAction\",\"target\":{\"@type\":\"EntryPoint\",\"urlTemplate\":\"https:\\\/\\\/mh.wajax.com\\\/fr\\\/?s={search_term_string}\"},\"query-input\":{\"@type\":\"PropertyValueSpecification\",\"valueRequired\":true,\"valueName\":\"search_term_string\"}}],\"inLanguage\":\"fr-FR\"}]}<\/script>\n<!-- \/ Yoast SEO plugin. -->","yoast_head_json":{"title":"Cages et cloisons - Wajax Manutention","robots":{"index":"index","follow":"follow","max-snippet":"max-snippet:-1","max-image-preview":"max-image-preview:large","max-video-preview":"max-video-preview:-1"},"canonical":"https:\/\/mh.wajax.com\/fr\/entreposage\/cages-et-cloisons\/","og_locale":"fr_FR","og_type":"article","og_title":"Cages et cloisons - Wajax Manutention","og_url":"https:\/\/mh.wajax.com\/fr\/entreposage\/cages-et-cloisons\/","og_site_name":"Wajax Manutention","article_modified_time":"2025-07-09T13:44:51+00:00","og_image":[{"width":2560,"height":1707,"url":"https:\/\/mh.wajax.com\/wp-content\/uploads\/2025\/03\/2-Drug-Storage-Cage-scaled.jpg","type":"image\/jpeg"}],"twitter_card":"summary_large_image","schema":{"@context":"https:\/\/schema.org","@graph":[{"@type":"WebPage","@id":"https:\/\/mh.wajax.com\/fr\/entreposage\/cages-et-cloisons\/","url":"https:\/\/mh.wajax.com\/fr\/entreposage\/cages-et-cloisons\/","name":"Cages et cloisons - Wajax Manutention","isPartOf":{"@id":"https:\/\/mh.wajax.com\/fr\/#website"},"primaryImageOfPage":{"@id":"https:\/\/mh.wajax.com\/fr\/entreposage\/cages-et-cloisons\/#primaryimage"},"image":{"@id":"https:\/\/mh.wajax.com\/fr\/entreposage\/cages-et-cloisons\/#primaryimage"},"thumbnailUrl":"https:\/\/mh.wajax.com\/wp-content\/uploads\/2025\/03\/2-Drug-Storage-Cage-1024x683.jpg","datePublished":"2025-03-13T17:33:21+00:00","dateModified":"2025-07-09T13:44:51+00:00","breadcrumb":{"@id":"https:\/\/mh.wajax.com\/fr\/entreposage\/cages-et-cloisons\/#breadcrumb"},"inLanguage":"fr-FR","potentialAction":[{"@type":"ReadAction","target":["https:\/\/mh.wajax.com\/fr\/entreposage\/cages-et-cloisons\/"]}]},{"@type":"ImageObject","inLanguage":"fr-FR","@id":"https:\/\/mh.wajax.com\/fr\/entreposage\/cages-et-cloisons\/#primaryimage","url":"https:\/\/mh.wajax.com\/wp-content\/uploads\/2025\/03\/2-Drug-Storage-Cage-1024x683.jpg","contentUrl":"https:\/\/mh.wajax.com\/wp-content\/uploads\/2025\/03\/2-Drug-Storage-Cage-1024x683.jpg"},{"@type":"BreadcrumbList","@id":"https:\/\/mh.wajax.com\/fr\/entreposage\/cages-et-cloisons\/#breadcrumb","itemListElement":[{"@type":"ListItem","position":1,"name":"Home","item":"https:\/\/mh.wajax.com\/fr\/"},{"@type":"ListItem","position":2,"name":"Entreposage","item":"https:\/\/mh.wajax.com\/fr\/entreposage\/"},{"@type":"ListItem","position":3,"name":"Cages et cloisons"}]},{"@type":"WebSite","@id":"https:\/\/mh.wajax.com\/fr\/#website","url":"https:\/\/mh.wajax.com\/fr\/","name":"Wajax Manutention","description":"Hyster &amp; Yale Forklift Dealer","potentialAction":[{"@type":"SearchAction","target":{"@type":"EntryPoint","urlTemplate":"https:\/\/mh.wajax.com\/fr\/?s={search_term_string}"},"query-input":{"@type":"PropertyValueSpecification","valueRequired":true,"valueName":"search_term_string"}}],"inLanguage":"fr-FR"}]}},"_links":{"self":[{"href":"https:\/\/mh.wajax.com\/fr\/wp-json\/wp\/v2\/pages\/59433","targetHints":{"allow":["GET"]}}],"collection":[{"href":"https:\/\/mh.wajax.com\/fr\/wp-json\/wp\/v2\/pages"}],"about":[{"href":"https:\/\/mh.wajax.com\/fr\/wp-json\/wp\/v2\/types\/page"}],"author":[{"embeddable":true,"href":"https:\/\/mh.wajax.com\/fr\/wp-json\/wp\/v2\/users\/7"}],"replies":[{"embeddable":true,"href":"https:\/\/mh.wajax.com\/fr\/wp-json\/wp\/v2\/comments?post=59433"}],"version-history":[{"count":0,"href":"https:\/\/mh.wajax.com\/fr\/wp-json\/wp\/v2\/pages\/59433\/revisions"}],"up":[{"embeddable":true,"href":"https:\/\/mh.wajax.com\/fr\/wp-json\/wp\/v2\/pages\/59434"}],"wp:attachment":[{"href":"https:\/\/mh.wajax.com\/fr\/wp-json\/wp\/v2\/media?parent=59433"}],"curies":[{"name":"wp","href":"https:\/\/api.w.org\/{rel}","templated":true}]}}