{"id":59424,"date":"2025-03-27T12:55:22","date_gmt":"2025-03-27T16:55:22","guid":{"rendered":"https:\/\/wajaxmh.wpenginepowered.com\/marques\/bulmor\/"},"modified":"2025-07-09T09:44:52","modified_gmt":"2025-07-09T13:44:52","slug":"bulmor","status":"publish","type":"page","link":"https:\/\/mh.wajax.com\/fr\/marques\/bulmor\/","title":{"rendered":"Bulmor"},"content":{"rendered":"\n<h2 class=\"wp-block-heading\">Solutions de chariots \u00e9l\u00e9vateurs \u00e0 prise lat\u00e9rale des plus robustes<\/h2>\n\n<div class=\"wp-block-columns is-layout-flex wp-container-core-columns-is-layout-9d6595d7 wp-block-columns-is-layout-flex\">\n<div class=\"wp-block-column is-layout-flow wp-block-column-is-layout-flow\" style=\"flex-basis:66.66%\">\n<p>Bulmor est un sp\u00e9cialiste ax\u00e9 sur les solutions pour l\u2019emballage de marchandises longues, lourdes et encombrantes. Ses chariots \u00e9l\u00e9vateurs \u00e0 prise lat\u00e9rale, ses chariots \u00e9l\u00e9vateurs \u00e0 prise lat\u00e9rale multidirectionnels, ses solutions de mise en service ainsi que ses v\u00e9hicules de levage sp\u00e9ciaux peuvent \u00eatre utilis\u00e9s dans tous les secteurs, y compris dans les industries du bois, de l\u2019acier, de l\u2019aluminium et du plastique.<\/p>\n<\/div>\n\n\n\n<div class=\"wp-block-column is-layout-flow wp-block-column-is-layout-flow\" style=\"flex-basis:33.33%\">\n<div style=\"height:20px\" aria-hidden=\"true\" class=\"wp-block-spacer\"><\/div>\n\n\n\n<figure class=\"wp-block-image size-full\"><img loading=\"lazy\" decoding=\"async\" width=\"300\" height=\"72\" src=\"https:\/\/mh.wajax.com\/wp-content\/uploads\/2024\/12\/logo_bulmor-300x72-1.png\" alt=\"\" class=\"wp-image-58011\"\/><\/figure>\n<\/div>\n<\/div>\n\n<p>Les chariots \u00e9l\u00e9vateurs \u00e0 prise lat\u00e9rale et les chariots \u00e9l\u00e9vateurs \u00e0 prise lat\u00e9rale multidirectionnels sont capables de transporter des marchandises longues et volumineuses de mani\u00e8re s\u00fbre, efficace et rapide. Ainsi, le transport \u00e0 l\u2019int\u00e9rieur se fait m\u00eame dans les all\u00e9es et les passerelles les plus \u00e9troites. Nos chariots \u00e0 prise lat\u00e9rale excellent sur le plan de la hauteur de levage, car ils sont particuli\u00e8rement stables. Ils soul\u00e8vent les marchandises en toute s\u00e9curit\u00e9 gr\u00e2ce \u00e0 la construction unique de la pi\u00e8ce ma\u00eetresse Bulmor et au syst\u00e8me d\u2019inclinaison hydraulique situ\u00e9 sur le c\u00f4t\u00e9 de la cabine.<\/p>\n","protected":false},"excerpt":{"rendered":"<p>Solutions de chariots \u00e9l\u00e9vateurs \u00e0 prise lat\u00e9rale des plus robustes Bulmor est un sp\u00e9cialiste ax\u00e9 sur les solutions pour l\u2019emballage de marchandises longues, lourdes et encombrantes. Ses chariots \u00e9l\u00e9vateurs \u00e0 prise lat\u00e9rale, ses chariots \u00e9l\u00e9vateurs \u00e0 prise lat\u00e9rale multidirectionnels, ses solutions de mise en service ainsi que ses v\u00e9hicules de levage sp\u00e9ciaux peuvent \u00eatre utilis\u00e9s&hellip;<\/p>\n","protected":false},"author":7,"featured_media":0,"parent":59412,"menu_order":0,"comment_status":"closed","ping_status":"closed","template":"","meta":{"_acf_changed":false,"footnotes":""},"class_list":["post-59424","page","type-page","status-publish","hentry"],"acf":[],"yoast_head":"<!-- This site is optimized with the Yoast SEO plugin v27.3 - https:\/\/yoast.com\/product\/yoast-seo-wordpress\/ -->\n<title>Bulmor - Wajax Manutention<\/title>\n<meta name=\"robots\" content=\"index, follow, max-snippet:-1, max-image-preview:large, max-video-preview:-1\" \/>\n<link rel=\"canonical\" href=\"https:\/\/mh.wajax.com\/fr\/marques\/bulmor\/\" \/>\n<meta property=\"og:locale\" content=\"fr_FR\" \/>\n<meta property=\"og:type\" content=\"article\" \/>\n<meta property=\"og:title\" content=\"Bulmor - Wajax Manutention\" \/>\n<meta property=\"og:description\" content=\"Solutions de chariots \u00e9l\u00e9vateurs \u00e0 prise lat\u00e9rale des plus robustes Bulmor est un sp\u00e9cialiste ax\u00e9 sur les solutions pour l\u2019emballage de marchandises longues, lourdes et encombrantes. Ses chariots \u00e9l\u00e9vateurs \u00e0 prise lat\u00e9rale, ses chariots \u00e9l\u00e9vateurs \u00e0 prise lat\u00e9rale multidirectionnels, ses solutions de mise en service ainsi que ses v\u00e9hicules de levage sp\u00e9ciaux peuvent \u00eatre utilis\u00e9s&hellip;\" \/>\n<meta property=\"og:url\" content=\"https:\/\/mh.wajax.com\/fr\/marques\/bulmor\/\" \/>\n<meta property=\"og:site_name\" content=\"Wajax Manutention\" \/>\n<meta property=\"article:modified_time\" content=\"2025-07-09T13:44:52+00:00\" \/>\n<meta property=\"og:image\" content=\"https:\/\/mh.wajax.com\/wp-content\/uploads\/2024\/12\/logo_bulmor-300x72-1.png\" \/>\n\t<meta property=\"og:image:width\" content=\"300\" \/>\n\t<meta property=\"og:image:height\" content=\"72\" \/>\n\t<meta property=\"og:image:type\" content=\"image\/png\" \/>\n<meta name=\"twitter:card\" content=\"summary_large_image\" \/>\n<meta name=\"twitter:label1\" content=\"Est. reading time\" \/>\n\t<meta name=\"twitter:data1\" content=\"1 minute\" \/>\n<script type=\"application\/ld+json\" class=\"yoast-schema-graph\">{\"@context\":\"https:\\\/\\\/schema.org\",\"@graph\":[{\"@type\":\"WebPage\",\"@id\":\"https:\\\/\\\/mh.wajax.com\\\/fr\\\/marques\\\/bulmor\\\/\",\"url\":\"https:\\\/\\\/mh.wajax.com\\\/fr\\\/marques\\\/bulmor\\\/\",\"name\":\"Bulmor - Wajax Manutention\",\"isPartOf\":{\"@id\":\"https:\\\/\\\/mh.wajax.com\\\/fr\\\/#website\"},\"primaryImageOfPage\":{\"@id\":\"https:\\\/\\\/mh.wajax.com\\\/fr\\\/marques\\\/bulmor\\\/#primaryimage\"},\"image\":{\"@id\":\"https:\\\/\\\/mh.wajax.com\\\/fr\\\/marques\\\/bulmor\\\/#primaryimage\"},\"thumbnailUrl\":\"https:\\\/\\\/mh.wajax.com\\\/wp-content\\\/uploads\\\/2024\\\/12\\\/logo_bulmor-300x72-1.png\",\"datePublished\":\"2025-03-27T16:55:22+00:00\",\"dateModified\":\"2025-07-09T13:44:52+00:00\",\"breadcrumb\":{\"@id\":\"https:\\\/\\\/mh.wajax.com\\\/fr\\\/marques\\\/bulmor\\\/#breadcrumb\"},\"inLanguage\":\"fr-FR\",\"potentialAction\":[{\"@type\":\"ReadAction\",\"target\":[\"https:\\\/\\\/mh.wajax.com\\\/fr\\\/marques\\\/bulmor\\\/\"]}]},{\"@type\":\"ImageObject\",\"inLanguage\":\"fr-FR\",\"@id\":\"https:\\\/\\\/mh.wajax.com\\\/fr\\\/marques\\\/bulmor\\\/#primaryimage\",\"url\":\"https:\\\/\\\/mh.wajax.com\\\/wp-content\\\/uploads\\\/2024\\\/12\\\/logo_bulmor-300x72-1.png\",\"contentUrl\":\"https:\\\/\\\/mh.wajax.com\\\/wp-content\\\/uploads\\\/2024\\\/12\\\/logo_bulmor-300x72-1.png\"},{\"@type\":\"BreadcrumbList\",\"@id\":\"https:\\\/\\\/mh.wajax.com\\\/fr\\\/marques\\\/bulmor\\\/#breadcrumb\",\"itemListElement\":[{\"@type\":\"ListItem\",\"position\":1,\"name\":\"Home\",\"item\":\"https:\\\/\\\/mh.wajax.com\\\/fr\\\/\"},{\"@type\":\"ListItem\",\"position\":2,\"name\":\"Marques\",\"item\":\"https:\\\/\\\/mh.wajax.com\\\/fr\\\/marques\\\/\"},{\"@type\":\"ListItem\",\"position\":3,\"name\":\"Bulmor\"}]},{\"@type\":\"WebSite\",\"@id\":\"https:\\\/\\\/mh.wajax.com\\\/fr\\\/#website\",\"url\":\"https:\\\/\\\/mh.wajax.com\\\/fr\\\/\",\"name\":\"Wajax Manutention\",\"description\":\"Hyster &amp; Yale Forklift Dealer\",\"potentialAction\":[{\"@type\":\"SearchAction\",\"target\":{\"@type\":\"EntryPoint\",\"urlTemplate\":\"https:\\\/\\\/mh.wajax.com\\\/fr\\\/?s={search_term_string}\"},\"query-input\":{\"@type\":\"PropertyValueSpecification\",\"valueRequired\":true,\"valueName\":\"search_term_string\"}}],\"inLanguage\":\"fr-FR\"}]}<\/script>\n<!-- \/ Yoast SEO plugin. -->","yoast_head_json":{"title":"Bulmor - Wajax Manutention","robots":{"index":"index","follow":"follow","max-snippet":"max-snippet:-1","max-image-preview":"max-image-preview:large","max-video-preview":"max-video-preview:-1"},"canonical":"https:\/\/mh.wajax.com\/fr\/marques\/bulmor\/","og_locale":"fr_FR","og_type":"article","og_title":"Bulmor - Wajax Manutention","og_description":"Solutions de chariots \u00e9l\u00e9vateurs \u00e0 prise lat\u00e9rale des plus robustes Bulmor est un sp\u00e9cialiste ax\u00e9 sur les solutions pour l\u2019emballage de marchandises longues, lourdes et encombrantes. Ses chariots \u00e9l\u00e9vateurs \u00e0 prise lat\u00e9rale, ses chariots \u00e9l\u00e9vateurs \u00e0 prise lat\u00e9rale multidirectionnels, ses solutions de mise en service ainsi que ses v\u00e9hicules de levage sp\u00e9ciaux peuvent \u00eatre utilis\u00e9s&hellip;","og_url":"https:\/\/mh.wajax.com\/fr\/marques\/bulmor\/","og_site_name":"Wajax Manutention","article_modified_time":"2025-07-09T13:44:52+00:00","og_image":[{"width":300,"height":72,"url":"https:\/\/mh.wajax.com\/wp-content\/uploads\/2024\/12\/logo_bulmor-300x72-1.png","type":"image\/png"}],"twitter_card":"summary_large_image","twitter_misc":{"Est. reading time":"1 minute"},"schema":{"@context":"https:\/\/schema.org","@graph":[{"@type":"WebPage","@id":"https:\/\/mh.wajax.com\/fr\/marques\/bulmor\/","url":"https:\/\/mh.wajax.com\/fr\/marques\/bulmor\/","name":"Bulmor - Wajax Manutention","isPartOf":{"@id":"https:\/\/mh.wajax.com\/fr\/#website"},"primaryImageOfPage":{"@id":"https:\/\/mh.wajax.com\/fr\/marques\/bulmor\/#primaryimage"},"image":{"@id":"https:\/\/mh.wajax.com\/fr\/marques\/bulmor\/#primaryimage"},"thumbnailUrl":"https:\/\/mh.wajax.com\/wp-content\/uploads\/2024\/12\/logo_bulmor-300x72-1.png","datePublished":"2025-03-27T16:55:22+00:00","dateModified":"2025-07-09T13:44:52+00:00","breadcrumb":{"@id":"https:\/\/mh.wajax.com\/fr\/marques\/bulmor\/#breadcrumb"},"inLanguage":"fr-FR","potentialAction":[{"@type":"ReadAction","target":["https:\/\/mh.wajax.com\/fr\/marques\/bulmor\/"]}]},{"@type":"ImageObject","inLanguage":"fr-FR","@id":"https:\/\/mh.wajax.com\/fr\/marques\/bulmor\/#primaryimage","url":"https:\/\/mh.wajax.com\/wp-content\/uploads\/2024\/12\/logo_bulmor-300x72-1.png","contentUrl":"https:\/\/mh.wajax.com\/wp-content\/uploads\/2024\/12\/logo_bulmor-300x72-1.png"},{"@type":"BreadcrumbList","@id":"https:\/\/mh.wajax.com\/fr\/marques\/bulmor\/#breadcrumb","itemListElement":[{"@type":"ListItem","position":1,"name":"Home","item":"https:\/\/mh.wajax.com\/fr\/"},{"@type":"ListItem","position":2,"name":"Marques","item":"https:\/\/mh.wajax.com\/fr\/marques\/"},{"@type":"ListItem","position":3,"name":"Bulmor"}]},{"@type":"WebSite","@id":"https:\/\/mh.wajax.com\/fr\/#website","url":"https:\/\/mh.wajax.com\/fr\/","name":"Wajax Manutention","description":"Hyster &amp; Yale Forklift Dealer","potentialAction":[{"@type":"SearchAction","target":{"@type":"EntryPoint","urlTemplate":"https:\/\/mh.wajax.com\/fr\/?s={search_term_string}"},"query-input":{"@type":"PropertyValueSpecification","valueRequired":true,"valueName":"search_term_string"}}],"inLanguage":"fr-FR"}]}},"_links":{"self":[{"href":"https:\/\/mh.wajax.com\/fr\/wp-json\/wp\/v2\/pages\/59424","targetHints":{"allow":["GET"]}}],"collection":[{"href":"https:\/\/mh.wajax.com\/fr\/wp-json\/wp\/v2\/pages"}],"about":[{"href":"https:\/\/mh.wajax.com\/fr\/wp-json\/wp\/v2\/types\/page"}],"author":[{"embeddable":true,"href":"https:\/\/mh.wajax.com\/fr\/wp-json\/wp\/v2\/users\/7"}],"replies":[{"embeddable":true,"href":"https:\/\/mh.wajax.com\/fr\/wp-json\/wp\/v2\/comments?post=59424"}],"version-history":[{"count":0,"href":"https:\/\/mh.wajax.com\/fr\/wp-json\/wp\/v2\/pages\/59424\/revisions"}],"up":[{"embeddable":true,"href":"https:\/\/mh.wajax.com\/fr\/wp-json\/wp\/v2\/pages\/59412"}],"wp:attachment":[{"href":"https:\/\/mh.wajax.com\/fr\/wp-json\/wp\/v2\/media?parent=59424"}],"curies":[{"name":"wp","href":"https:\/\/api.w.org\/{rel}","templated":true}]}}