{"id":59420,"date":"2025-03-27T13:17:18","date_gmt":"2025-03-27T17:17:18","guid":{"rendered":"https:\/\/wajaxmh.wpenginepowered.com\/marques\/liftking\/"},"modified":"2025-07-09T09:44:51","modified_gmt":"2025-07-09T13:44:51","slug":"liftking","status":"publish","type":"page","link":"https:\/\/mh.wajax.com\/fr\/marques\/liftking\/","title":{"rendered":"LiftKing"},"content":{"rendered":"\n<h2 class=\"wp-block-heading\">Wajax est votre concessionnaire autoris\u00e9 de chariots \u00e9l\u00e9vateurs et d\u2019\u00e9quipements de manutention LiftKing partout au Canada<\/h2>\n\n<div class=\"wp-block-columns is-layout-flex wp-container-core-columns-is-layout-9d6595d7 wp-block-columns-is-layout-flex\">\n<div class=\"wp-block-column is-layout-flow wp-block-column-is-layout-flow\" style=\"flex-basis:66.66%\">\n<p>LiftKing est un chef de file innovateur dans le domaine des chariots \u00e9l\u00e9vateurs et des \u00e9quipements de manutention depuis des d\u00e9cennies. Fournissant une gamme compl\u00e8te d\u2019\u00e9quipements de manutention, notamment des chariots \u00e9l\u00e9vateurs tout-terrain, des chariots pour conteneurs, des chariots \u00e9l\u00e9vateurs \u00e0 fourche, des chariots \u00e9l\u00e9vateurs militaires et des chariots \u00e9l\u00e9vateurs \u00e0 m\u00e2t droit, LiftKing a su se b\u00e2tir une r\u00e9putation d\u2019excellence.<\/p>\n<\/div>\n\n\n\n<div class=\"wp-block-column is-layout-flow wp-block-column-is-layout-flow\" style=\"flex-basis:33.33%\">\n<div style=\"height:20px\" aria-hidden=\"true\" class=\"wp-block-spacer\"><\/div>\n\n\n\n<figure class=\"wp-block-image size-full\"><img loading=\"lazy\" decoding=\"async\" width=\"300\" height=\"59\" src=\"https:\/\/mh.wajax.com\/wp-content\/uploads\/2024\/12\/Liftking_Logo_panda-300x59-1.png\" alt=\"\" class=\"wp-image-58008\"\/><\/figure>\n<\/div>\n<\/div>\n\n<p>Depuis 1969, LiftKing \u00e9tablit la r\u00e9f\u00e9rence en mati\u00e8re d\u2019innovation et de durabilit\u00e9 dans le secteur de la manutention. Sa gamme exceptionnelle de chariots \u00e9l\u00e9vateurs de mod\u00e8les tout-terrain est indispensable dans les environnements industriels exigeants.<\/p>\n\n<p>Wajax est un distributeur canadien autoris\u00e9 de LiftKing, offrant ses connaissances approfondies des produits et un soutien \u00e0 la client\u00e8le in\u00e9gal\u00e9 presque partout au pays. Notre collaboration garantit que vous recevrez des solutions sur mesure con\u00e7ues pour r\u00e9pondre \u00e0 vos besoins sp\u00e9cifiques, soutenues par une assistance 24\u00a0heures sur 24, 7\u00a0jours sur 7 et 365\u00a0jours par ann\u00e9e pour la r\u00e9paration, les pi\u00e8ces de rechange, l\u2019entretien et les services sur le terrain. Wajax a les produits et les services de pointe qu\u2019il vous faut pour maintenir l\u2019efficacit\u00e9 et la fiabilit\u00e9 de vos op\u00e9rations.<\/p>\n","protected":false},"excerpt":{"rendered":"<p>Wajax est votre concessionnaire autoris\u00e9 de chariots \u00e9l\u00e9vateurs et d\u2019\u00e9quipements de manutention LiftKing partout au Canada LiftKing est un chef de file innovateur dans le domaine des chariots \u00e9l\u00e9vateurs et des \u00e9quipements de manutention depuis des d\u00e9cennies. Fournissant une gamme compl\u00e8te d\u2019\u00e9quipements de manutention, notamment des chariots \u00e9l\u00e9vateurs tout-terrain, des chariots pour conteneurs, des chariots&hellip;<\/p>\n","protected":false},"author":7,"featured_media":0,"parent":59412,"menu_order":0,"comment_status":"closed","ping_status":"closed","template":"","meta":{"_acf_changed":false,"footnotes":""},"class_list":["post-59420","page","type-page","status-publish","hentry"],"acf":[],"yoast_head":"<!-- This site is optimized with the Yoast SEO plugin v27.3 - https:\/\/yoast.com\/product\/yoast-seo-wordpress\/ -->\n<title>LiftKing - Wajax Manutention<\/title>\n<meta name=\"robots\" content=\"index, follow, max-snippet:-1, max-image-preview:large, max-video-preview:-1\" \/>\n<link rel=\"canonical\" href=\"https:\/\/mh.wajax.com\/fr\/marques\/liftking\/\" \/>\n<meta property=\"og:locale\" content=\"fr_FR\" \/>\n<meta property=\"og:type\" content=\"article\" \/>\n<meta property=\"og:title\" content=\"LiftKing - Wajax Manutention\" \/>\n<meta property=\"og:description\" content=\"Wajax est votre concessionnaire autoris\u00e9 de chariots \u00e9l\u00e9vateurs et d\u2019\u00e9quipements de manutention LiftKing partout au Canada LiftKing est un chef de file innovateur dans le domaine des chariots \u00e9l\u00e9vateurs et des \u00e9quipements de manutention depuis des d\u00e9cennies. Fournissant une gamme compl\u00e8te d\u2019\u00e9quipements de manutention, notamment des chariots \u00e9l\u00e9vateurs tout-terrain, des chariots pour conteneurs, des chariots&hellip;\" \/>\n<meta property=\"og:url\" content=\"https:\/\/mh.wajax.com\/fr\/marques\/liftking\/\" \/>\n<meta property=\"og:site_name\" content=\"Wajax Manutention\" \/>\n<meta property=\"article:modified_time\" content=\"2025-07-09T13:44:51+00:00\" \/>\n<meta property=\"og:image\" content=\"https:\/\/mh.wajax.com\/wp-content\/uploads\/2024\/12\/Liftking_Logo_panda-300x59-1.png\" \/>\n\t<meta property=\"og:image:width\" content=\"300\" \/>\n\t<meta property=\"og:image:height\" content=\"59\" \/>\n\t<meta property=\"og:image:type\" content=\"image\/png\" \/>\n<meta name=\"twitter:card\" content=\"summary_large_image\" \/>\n<meta name=\"twitter:label1\" content=\"Est. reading time\" \/>\n\t<meta name=\"twitter:data1\" content=\"1 minute\" \/>\n<script type=\"application\/ld+json\" class=\"yoast-schema-graph\">{\"@context\":\"https:\\\/\\\/schema.org\",\"@graph\":[{\"@type\":\"WebPage\",\"@id\":\"https:\\\/\\\/mh.wajax.com\\\/fr\\\/marques\\\/liftking\\\/\",\"url\":\"https:\\\/\\\/mh.wajax.com\\\/fr\\\/marques\\\/liftking\\\/\",\"name\":\"LiftKing - Wajax Manutention\",\"isPartOf\":{\"@id\":\"https:\\\/\\\/mh.wajax.com\\\/fr\\\/#website\"},\"primaryImageOfPage\":{\"@id\":\"https:\\\/\\\/mh.wajax.com\\\/fr\\\/marques\\\/liftking\\\/#primaryimage\"},\"image\":{\"@id\":\"https:\\\/\\\/mh.wajax.com\\\/fr\\\/marques\\\/liftking\\\/#primaryimage\"},\"thumbnailUrl\":\"https:\\\/\\\/mh.wajax.com\\\/wp-content\\\/uploads\\\/2024\\\/12\\\/Liftking_Logo_panda-300x59-1.png\",\"datePublished\":\"2025-03-27T17:17:18+00:00\",\"dateModified\":\"2025-07-09T13:44:51+00:00\",\"breadcrumb\":{\"@id\":\"https:\\\/\\\/mh.wajax.com\\\/fr\\\/marques\\\/liftking\\\/#breadcrumb\"},\"inLanguage\":\"fr-FR\",\"potentialAction\":[{\"@type\":\"ReadAction\",\"target\":[\"https:\\\/\\\/mh.wajax.com\\\/fr\\\/marques\\\/liftking\\\/\"]}]},{\"@type\":\"ImageObject\",\"inLanguage\":\"fr-FR\",\"@id\":\"https:\\\/\\\/mh.wajax.com\\\/fr\\\/marques\\\/liftking\\\/#primaryimage\",\"url\":\"https:\\\/\\\/mh.wajax.com\\\/wp-content\\\/uploads\\\/2024\\\/12\\\/Liftking_Logo_panda-300x59-1.png\",\"contentUrl\":\"https:\\\/\\\/mh.wajax.com\\\/wp-content\\\/uploads\\\/2024\\\/12\\\/Liftking_Logo_panda-300x59-1.png\"},{\"@type\":\"BreadcrumbList\",\"@id\":\"https:\\\/\\\/mh.wajax.com\\\/fr\\\/marques\\\/liftking\\\/#breadcrumb\",\"itemListElement\":[{\"@type\":\"ListItem\",\"position\":1,\"name\":\"Home\",\"item\":\"https:\\\/\\\/mh.wajax.com\\\/fr\\\/\"},{\"@type\":\"ListItem\",\"position\":2,\"name\":\"Marques\",\"item\":\"https:\\\/\\\/mh.wajax.com\\\/fr\\\/marques\\\/\"},{\"@type\":\"ListItem\",\"position\":3,\"name\":\"LiftKing\"}]},{\"@type\":\"WebSite\",\"@id\":\"https:\\\/\\\/mh.wajax.com\\\/fr\\\/#website\",\"url\":\"https:\\\/\\\/mh.wajax.com\\\/fr\\\/\",\"name\":\"Wajax Manutention\",\"description\":\"Hyster &amp; Yale Forklift Dealer\",\"potentialAction\":[{\"@type\":\"SearchAction\",\"target\":{\"@type\":\"EntryPoint\",\"urlTemplate\":\"https:\\\/\\\/mh.wajax.com\\\/fr\\\/?s={search_term_string}\"},\"query-input\":{\"@type\":\"PropertyValueSpecification\",\"valueRequired\":true,\"valueName\":\"search_term_string\"}}],\"inLanguage\":\"fr-FR\"}]}<\/script>\n<!-- \/ Yoast SEO plugin. -->","yoast_head_json":{"title":"LiftKing - Wajax Manutention","robots":{"index":"index","follow":"follow","max-snippet":"max-snippet:-1","max-image-preview":"max-image-preview:large","max-video-preview":"max-video-preview:-1"},"canonical":"https:\/\/mh.wajax.com\/fr\/marques\/liftking\/","og_locale":"fr_FR","og_type":"article","og_title":"LiftKing - Wajax Manutention","og_description":"Wajax est votre concessionnaire autoris\u00e9 de chariots \u00e9l\u00e9vateurs et d\u2019\u00e9quipements de manutention LiftKing partout au Canada LiftKing est un chef de file innovateur dans le domaine des chariots \u00e9l\u00e9vateurs et des \u00e9quipements de manutention depuis des d\u00e9cennies. Fournissant une gamme compl\u00e8te d\u2019\u00e9quipements de manutention, notamment des chariots \u00e9l\u00e9vateurs tout-terrain, des chariots pour conteneurs, des chariots&hellip;","og_url":"https:\/\/mh.wajax.com\/fr\/marques\/liftking\/","og_site_name":"Wajax Manutention","article_modified_time":"2025-07-09T13:44:51+00:00","og_image":[{"width":300,"height":59,"url":"https:\/\/mh.wajax.com\/wp-content\/uploads\/2024\/12\/Liftking_Logo_panda-300x59-1.png","type":"image\/png"}],"twitter_card":"summary_large_image","twitter_misc":{"Est. reading time":"1 minute"},"schema":{"@context":"https:\/\/schema.org","@graph":[{"@type":"WebPage","@id":"https:\/\/mh.wajax.com\/fr\/marques\/liftking\/","url":"https:\/\/mh.wajax.com\/fr\/marques\/liftking\/","name":"LiftKing - Wajax Manutention","isPartOf":{"@id":"https:\/\/mh.wajax.com\/fr\/#website"},"primaryImageOfPage":{"@id":"https:\/\/mh.wajax.com\/fr\/marques\/liftking\/#primaryimage"},"image":{"@id":"https:\/\/mh.wajax.com\/fr\/marques\/liftking\/#primaryimage"},"thumbnailUrl":"https:\/\/mh.wajax.com\/wp-content\/uploads\/2024\/12\/Liftking_Logo_panda-300x59-1.png","datePublished":"2025-03-27T17:17:18+00:00","dateModified":"2025-07-09T13:44:51+00:00","breadcrumb":{"@id":"https:\/\/mh.wajax.com\/fr\/marques\/liftking\/#breadcrumb"},"inLanguage":"fr-FR","potentialAction":[{"@type":"ReadAction","target":["https:\/\/mh.wajax.com\/fr\/marques\/liftking\/"]}]},{"@type":"ImageObject","inLanguage":"fr-FR","@id":"https:\/\/mh.wajax.com\/fr\/marques\/liftking\/#primaryimage","url":"https:\/\/mh.wajax.com\/wp-content\/uploads\/2024\/12\/Liftking_Logo_panda-300x59-1.png","contentUrl":"https:\/\/mh.wajax.com\/wp-content\/uploads\/2024\/12\/Liftking_Logo_panda-300x59-1.png"},{"@type":"BreadcrumbList","@id":"https:\/\/mh.wajax.com\/fr\/marques\/liftking\/#breadcrumb","itemListElement":[{"@type":"ListItem","position":1,"name":"Home","item":"https:\/\/mh.wajax.com\/fr\/"},{"@type":"ListItem","position":2,"name":"Marques","item":"https:\/\/mh.wajax.com\/fr\/marques\/"},{"@type":"ListItem","position":3,"name":"LiftKing"}]},{"@type":"WebSite","@id":"https:\/\/mh.wajax.com\/fr\/#website","url":"https:\/\/mh.wajax.com\/fr\/","name":"Wajax Manutention","description":"Hyster &amp; Yale Forklift Dealer","potentialAction":[{"@type":"SearchAction","target":{"@type":"EntryPoint","urlTemplate":"https:\/\/mh.wajax.com\/fr\/?s={search_term_string}"},"query-input":{"@type":"PropertyValueSpecification","valueRequired":true,"valueName":"search_term_string"}}],"inLanguage":"fr-FR"}]}},"_links":{"self":[{"href":"https:\/\/mh.wajax.com\/fr\/wp-json\/wp\/v2\/pages\/59420","targetHints":{"allow":["GET"]}}],"collection":[{"href":"https:\/\/mh.wajax.com\/fr\/wp-json\/wp\/v2\/pages"}],"about":[{"href":"https:\/\/mh.wajax.com\/fr\/wp-json\/wp\/v2\/types\/page"}],"author":[{"embeddable":true,"href":"https:\/\/mh.wajax.com\/fr\/wp-json\/wp\/v2\/users\/7"}],"replies":[{"embeddable":true,"href":"https:\/\/mh.wajax.com\/fr\/wp-json\/wp\/v2\/comments?post=59420"}],"version-history":[{"count":0,"href":"https:\/\/mh.wajax.com\/fr\/wp-json\/wp\/v2\/pages\/59420\/revisions"}],"up":[{"embeddable":true,"href":"https:\/\/mh.wajax.com\/fr\/wp-json\/wp\/v2\/pages\/59412"}],"wp:attachment":[{"href":"https:\/\/mh.wajax.com\/fr\/wp-json\/wp\/v2\/media?parent=59420"}],"curies":[{"name":"wp","href":"https:\/\/api.w.org\/{rel}","templated":true}]}}