{"id":59419,"date":"2025-03-27T13:22:27","date_gmt":"2025-03-27T17:22:27","guid":{"rendered":"https:\/\/wajaxmh.wpenginepowered.com\/marques\/columbia\/"},"modified":"2025-06-30T08:52:25","modified_gmt":"2025-06-30T12:52:25","slug":"columbia","status":"publish","type":"page","link":"https:\/\/mh.wajax.com\/fr\/marques\/columbia\/","title":{"rendered":"Columbia"},"content":{"rendered":"\n<h2 class=\"wp-block-heading\">Wajax est votre distributeur de Columbia au Canada<\/h2>\n\n<div class=\"wp-block-columns is-layout-flex wp-container-core-columns-is-layout-9d6595d7 wp-block-columns-is-layout-flex\">\n<div class=\"wp-block-column is-layout-flow wp-block-column-is-layout-flow\" style=\"flex-basis:66.66%\">\n<p>Que vous ayez besoin de transporter des personnes, des marchandises ou de l\u2019\u00e9quipement, les solutions de v\u00e9hicules utilitaires \u00e9lectriques de Columbia peuvent vous aider \u00e0 vous d\u00e9placer plus souvent, plus vite et plus longtemps. Maximisez le temps de votre personnel et r\u00e9pondez aux besoins de transport sp\u00e9cifiques \u00e0 votre entreprise de mani\u00e8re silencieuse et \u00e9conome en \u00e9nergie. Les v\u00e9hicules \u00e9lectriques ne produisent pas de gaz d\u2019\u00e9chappement, ce qui en fait un choix plus s\u00fbr pour une utilisation \u00e0 l\u2019int\u00e9rieur. Ils sont \u00e9galement moins co\u00fbteux \u00e0 exploiter, car les co\u00fbts d\u2019\u00e9lectricit\u00e9 sont g\u00e9n\u00e9ralement inf\u00e9rieurs \u00e0 ceux de l\u2019essence. Avec des batteries fiables qui offrent une grande autonomie, les v\u00e9hicules \u00e9lectriques de Columbia sont un choix judicieux.<\/p>\n<\/div>\n\n\n\n<div class=\"wp-block-column is-layout-flow wp-block-column-is-layout-flow\" style=\"flex-basis:33.33%\">\n<div style=\"height:40px\" aria-hidden=\"true\" class=\"wp-block-spacer\"><\/div>\n\n\n\n<figure class=\"wp-block-image size-full\"><img loading=\"lazy\" decoding=\"async\" width=\"300\" height=\"56\" src=\"https:\/\/mh.wajax.com\/wp-content\/uploads\/2024\/12\/Columbia-logo-1-300x56-1.png\" alt=\"\" class=\"wp-image-57972\"\/><\/figure>\n<\/div>\n<\/div>\n\n<p>\u00c0 Wajax, nous sommes fiers d\u2019offrir l\u2019\u00e9quipement le plus fiable et le plus polyvalent pour vos besoins. En tant que distributeur exclusif de Columbia au Canada, nous pouvons vous guider pour choisir le meilleur v\u00e9hicule utilitaire pour vous, avec les bonnes fonctionnalit\u00e9s en option pour rendre le travail plus efficace et plus s\u00fbr. De plus, nous fournissons des pi\u00e8ces et l\u2019entretien pour assurer le bon fonctionnement de votre v\u00e9hicule utilitaire afin qu\u2019il repr\u00e9sente un atout pour votre exploitation.<\/p>\n","protected":false},"excerpt":{"rendered":"<p>Wajax est votre distributeur de Columbia au Canada Que vous ayez besoin de transporter des personnes, des marchandises ou de l\u2019\u00e9quipement, les solutions de v\u00e9hicules utilitaires \u00e9lectriques de Columbia peuvent vous aider \u00e0 vous d\u00e9placer plus souvent, plus vite et plus longtemps. Maximisez le temps de votre personnel et r\u00e9pondez aux besoins de transport sp\u00e9cifiques&hellip;<\/p>\n","protected":false},"author":7,"featured_media":0,"parent":59412,"menu_order":0,"comment_status":"closed","ping_status":"closed","template":"","meta":{"_acf_changed":false,"footnotes":""},"class_list":["post-59419","page","type-page","status-publish","hentry"],"acf":[],"yoast_head":"<!-- This site is optimized with the Yoast SEO plugin v27.3 - https:\/\/yoast.com\/product\/yoast-seo-wordpress\/ -->\n<title>Columbia - Wajax Manutention<\/title>\n<meta name=\"robots\" content=\"index, follow, max-snippet:-1, max-image-preview:large, max-video-preview:-1\" \/>\n<link rel=\"canonical\" href=\"https:\/\/mh.wajax.com\/fr\/marques\/columbia\/\" \/>\n<meta property=\"og:locale\" content=\"fr_FR\" \/>\n<meta property=\"og:type\" content=\"article\" \/>\n<meta property=\"og:title\" content=\"Columbia - Wajax Manutention\" \/>\n<meta property=\"og:description\" content=\"Wajax est votre distributeur de Columbia au Canada Que vous ayez besoin de transporter des personnes, des marchandises ou de l\u2019\u00e9quipement, les solutions de v\u00e9hicules utilitaires \u00e9lectriques de Columbia peuvent vous aider \u00e0 vous d\u00e9placer plus souvent, plus vite et plus longtemps. Maximisez le temps de votre personnel et r\u00e9pondez aux besoins de transport sp\u00e9cifiques&hellip;\" \/>\n<meta property=\"og:url\" content=\"https:\/\/mh.wajax.com\/fr\/marques\/columbia\/\" \/>\n<meta property=\"og:site_name\" content=\"Wajax Manutention\" \/>\n<meta property=\"article:modified_time\" content=\"2025-06-30T12:52:25+00:00\" \/>\n<meta property=\"og:image\" content=\"https:\/\/mh.wajax.com\/wp-content\/uploads\/2024\/12\/Columbia-logo-1-300x56-1.png\" \/>\n\t<meta property=\"og:image:width\" content=\"300\" \/>\n\t<meta property=\"og:image:height\" content=\"56\" \/>\n\t<meta property=\"og:image:type\" content=\"image\/png\" \/>\n<meta name=\"twitter:card\" content=\"summary_large_image\" \/>\n<meta name=\"twitter:label1\" content=\"Est. reading time\" \/>\n\t<meta name=\"twitter:data1\" content=\"1 minute\" \/>\n<script type=\"application\/ld+json\" class=\"yoast-schema-graph\">{\"@context\":\"https:\\\/\\\/schema.org\",\"@graph\":[{\"@type\":\"WebPage\",\"@id\":\"https:\\\/\\\/mh.wajax.com\\\/fr\\\/marques\\\/columbia\\\/\",\"url\":\"https:\\\/\\\/mh.wajax.com\\\/fr\\\/marques\\\/columbia\\\/\",\"name\":\"Columbia - Wajax Manutention\",\"isPartOf\":{\"@id\":\"https:\\\/\\\/mh.wajax.com\\\/fr\\\/#website\"},\"primaryImageOfPage\":{\"@id\":\"https:\\\/\\\/mh.wajax.com\\\/fr\\\/marques\\\/columbia\\\/#primaryimage\"},\"image\":{\"@id\":\"https:\\\/\\\/mh.wajax.com\\\/fr\\\/marques\\\/columbia\\\/#primaryimage\"},\"thumbnailUrl\":\"https:\\\/\\\/mh.wajax.com\\\/wp-content\\\/uploads\\\/2024\\\/12\\\/Columbia-logo-1-300x56-1.png\",\"datePublished\":\"2025-03-27T17:22:27+00:00\",\"dateModified\":\"2025-06-30T12:52:25+00:00\",\"breadcrumb\":{\"@id\":\"https:\\\/\\\/mh.wajax.com\\\/fr\\\/marques\\\/columbia\\\/#breadcrumb\"},\"inLanguage\":\"fr-FR\",\"potentialAction\":[{\"@type\":\"ReadAction\",\"target\":[\"https:\\\/\\\/mh.wajax.com\\\/fr\\\/marques\\\/columbia\\\/\"]}]},{\"@type\":\"ImageObject\",\"inLanguage\":\"fr-FR\",\"@id\":\"https:\\\/\\\/mh.wajax.com\\\/fr\\\/marques\\\/columbia\\\/#primaryimage\",\"url\":\"https:\\\/\\\/mh.wajax.com\\\/wp-content\\\/uploads\\\/2024\\\/12\\\/Columbia-logo-1-300x56-1.png\",\"contentUrl\":\"https:\\\/\\\/mh.wajax.com\\\/wp-content\\\/uploads\\\/2024\\\/12\\\/Columbia-logo-1-300x56-1.png\"},{\"@type\":\"BreadcrumbList\",\"@id\":\"https:\\\/\\\/mh.wajax.com\\\/fr\\\/marques\\\/columbia\\\/#breadcrumb\",\"itemListElement\":[{\"@type\":\"ListItem\",\"position\":1,\"name\":\"Home\",\"item\":\"https:\\\/\\\/mh.wajax.com\\\/fr\\\/\"},{\"@type\":\"ListItem\",\"position\":2,\"name\":\"Marques\",\"item\":\"https:\\\/\\\/mh.wajax.com\\\/fr\\\/marques\\\/\"},{\"@type\":\"ListItem\",\"position\":3,\"name\":\"Columbia\"}]},{\"@type\":\"WebSite\",\"@id\":\"https:\\\/\\\/mh.wajax.com\\\/fr\\\/#website\",\"url\":\"https:\\\/\\\/mh.wajax.com\\\/fr\\\/\",\"name\":\"Wajax Manutention\",\"description\":\"Hyster &amp; Yale Forklift Dealer\",\"potentialAction\":[{\"@type\":\"SearchAction\",\"target\":{\"@type\":\"EntryPoint\",\"urlTemplate\":\"https:\\\/\\\/mh.wajax.com\\\/fr\\\/?s={search_term_string}\"},\"query-input\":{\"@type\":\"PropertyValueSpecification\",\"valueRequired\":true,\"valueName\":\"search_term_string\"}}],\"inLanguage\":\"fr-FR\"}]}<\/script>\n<!-- \/ Yoast SEO plugin. -->","yoast_head_json":{"title":"Columbia - Wajax Manutention","robots":{"index":"index","follow":"follow","max-snippet":"max-snippet:-1","max-image-preview":"max-image-preview:large","max-video-preview":"max-video-preview:-1"},"canonical":"https:\/\/mh.wajax.com\/fr\/marques\/columbia\/","og_locale":"fr_FR","og_type":"article","og_title":"Columbia - Wajax Manutention","og_description":"Wajax est votre distributeur de Columbia au Canada Que vous ayez besoin de transporter des personnes, des marchandises ou de l\u2019\u00e9quipement, les solutions de v\u00e9hicules utilitaires \u00e9lectriques de Columbia peuvent vous aider \u00e0 vous d\u00e9placer plus souvent, plus vite et plus longtemps. Maximisez le temps de votre personnel et r\u00e9pondez aux besoins de transport sp\u00e9cifiques&hellip;","og_url":"https:\/\/mh.wajax.com\/fr\/marques\/columbia\/","og_site_name":"Wajax Manutention","article_modified_time":"2025-06-30T12:52:25+00:00","og_image":[{"width":300,"height":56,"url":"https:\/\/mh.wajax.com\/wp-content\/uploads\/2024\/12\/Columbia-logo-1-300x56-1.png","type":"image\/png"}],"twitter_card":"summary_large_image","twitter_misc":{"Est. reading time":"1 minute"},"schema":{"@context":"https:\/\/schema.org","@graph":[{"@type":"WebPage","@id":"https:\/\/mh.wajax.com\/fr\/marques\/columbia\/","url":"https:\/\/mh.wajax.com\/fr\/marques\/columbia\/","name":"Columbia - Wajax Manutention","isPartOf":{"@id":"https:\/\/mh.wajax.com\/fr\/#website"},"primaryImageOfPage":{"@id":"https:\/\/mh.wajax.com\/fr\/marques\/columbia\/#primaryimage"},"image":{"@id":"https:\/\/mh.wajax.com\/fr\/marques\/columbia\/#primaryimage"},"thumbnailUrl":"https:\/\/mh.wajax.com\/wp-content\/uploads\/2024\/12\/Columbia-logo-1-300x56-1.png","datePublished":"2025-03-27T17:22:27+00:00","dateModified":"2025-06-30T12:52:25+00:00","breadcrumb":{"@id":"https:\/\/mh.wajax.com\/fr\/marques\/columbia\/#breadcrumb"},"inLanguage":"fr-FR","potentialAction":[{"@type":"ReadAction","target":["https:\/\/mh.wajax.com\/fr\/marques\/columbia\/"]}]},{"@type":"ImageObject","inLanguage":"fr-FR","@id":"https:\/\/mh.wajax.com\/fr\/marques\/columbia\/#primaryimage","url":"https:\/\/mh.wajax.com\/wp-content\/uploads\/2024\/12\/Columbia-logo-1-300x56-1.png","contentUrl":"https:\/\/mh.wajax.com\/wp-content\/uploads\/2024\/12\/Columbia-logo-1-300x56-1.png"},{"@type":"BreadcrumbList","@id":"https:\/\/mh.wajax.com\/fr\/marques\/columbia\/#breadcrumb","itemListElement":[{"@type":"ListItem","position":1,"name":"Home","item":"https:\/\/mh.wajax.com\/fr\/"},{"@type":"ListItem","position":2,"name":"Marques","item":"https:\/\/mh.wajax.com\/fr\/marques\/"},{"@type":"ListItem","position":3,"name":"Columbia"}]},{"@type":"WebSite","@id":"https:\/\/mh.wajax.com\/fr\/#website","url":"https:\/\/mh.wajax.com\/fr\/","name":"Wajax Manutention","description":"Hyster &amp; Yale Forklift Dealer","potentialAction":[{"@type":"SearchAction","target":{"@type":"EntryPoint","urlTemplate":"https:\/\/mh.wajax.com\/fr\/?s={search_term_string}"},"query-input":{"@type":"PropertyValueSpecification","valueRequired":true,"valueName":"search_term_string"}}],"inLanguage":"fr-FR"}]}},"_links":{"self":[{"href":"https:\/\/mh.wajax.com\/fr\/wp-json\/wp\/v2\/pages\/59419","targetHints":{"allow":["GET"]}}],"collection":[{"href":"https:\/\/mh.wajax.com\/fr\/wp-json\/wp\/v2\/pages"}],"about":[{"href":"https:\/\/mh.wajax.com\/fr\/wp-json\/wp\/v2\/types\/page"}],"author":[{"embeddable":true,"href":"https:\/\/mh.wajax.com\/fr\/wp-json\/wp\/v2\/users\/7"}],"replies":[{"embeddable":true,"href":"https:\/\/mh.wajax.com\/fr\/wp-json\/wp\/v2\/comments?post=59419"}],"version-history":[{"count":0,"href":"https:\/\/mh.wajax.com\/fr\/wp-json\/wp\/v2\/pages\/59419\/revisions"}],"up":[{"embeddable":true,"href":"https:\/\/mh.wajax.com\/fr\/wp-json\/wp\/v2\/pages\/59412"}],"wp:attachment":[{"href":"https:\/\/mh.wajax.com\/fr\/wp-json\/wp\/v2\/media?parent=59419"}],"curies":[{"name":"wp","href":"https:\/\/api.w.org\/{rel}","templated":true}]}}