{"id":59416,"date":"2025-03-17T08:32:46","date_gmt":"2025-03-17T12:32:46","guid":{"rendered":"https:\/\/wajaxmh.wpenginepowered.com\/plateformes-dentreposage\/"},"modified":"2025-06-30T08:52:52","modified_gmt":"2025-06-30T12:52:52","slug":"plateformes-dentreposage","status":"publish","type":"page","link":"https:\/\/mh.wajax.com\/fr\/entreposage\/plateformes-dentreposage\/","title":{"rendered":"Plateformes d\u2019entreposage"},"content":{"rendered":"\n<h3 class=\"wp-block-heading\">Mezzanines<\/h3>\n\n<ul class=\"wp-block-list\">\n<li>Les mezzanines en acier de construction optimisent l\u2019espace au sol en utilisant l\u2019espace vide en hauteur.<\/li>\n\n\n\n<li>\u00c9conomisez de l\u2019argent sur les nouvelles constructions et les d\u00e9m\u00e9nagements.<\/li>\n\n\n\n<li>Ces plateformes sont con\u00e7ues, \u00e9labor\u00e9es et fabriqu\u00e9es sur mesure pour convenir \u00e0 vos besoins et \u00e0 vos applications.<\/li>\n<\/ul>\n\n<h3 class=\"wp-block-heading\">Modules de cueillette et passerelles support\u00e9es par des \u00e9tag\u00e8res<\/h3>\n\n<ul class=\"wp-block-list\">\n<li>Un palettier standard est utilis\u00e9 pour ajouter des niveaux d\u2019entreposage et faciliter le pr\u00e9l\u00e8vement des produits.<\/li>\n\n\n\n<li>Optimisez vos op\u00e9rations de pr\u00e9l\u00e8vement et maximisez l\u2019espace au sol de votre entrep\u00f4t en utilisant l\u2019espace vide en hauteur.<\/li>\n\n\n\n<li>Optimisez votre module de cueillette en utilisant un palettier \u00e0 accumulation dynamique, un rayonnage dynamique pour petites charges, des plateformes en treillis m\u00e9tallique et d\u2019autres produits.<\/li>\n<\/ul>\n\n<h3 class=\"wp-block-heading\">Passerelles soutenues par les rayonnages<\/h3>\n\n<ul class=\"wp-block-list\">\n<li>Utilisez des rayonnages en acier ou des rayonnages \u00e0 grande port\u00e9e pour ajouter des niveaux d\u2019entreposage et faciliter le pr\u00e9l\u00e8vement des petites pi\u00e8ces.<\/li>\n\n\n\n<li>Optimisez vos op\u00e9rations de pr\u00e9l\u00e8vement et maximisez l\u2019espace au sol de votre entrep\u00f4t en utilisant l\u2019espace vide en hauteur.<\/li>\n\n\n\n<li>L\u2019utilisation de ces passerelles constitue un moyen rentable d\u2019augmenter l\u2019espace de stockage de petites pi\u00e8ces.<\/li>\n<\/ul>\n\n<p><a href=\"https:\/\/www.wajax.com\/request-a-quote?type=new&amp;pid=22213\"><\/a><\/p>\n\n<figure class=\"wp-block-gallery has-nested-images columns-default is-cropped wp-block-gallery-1 is-layout-flex wp-block-gallery-is-layout-flex\">\n<figure class=\"wp-block-image size-large\"><img loading=\"lazy\" decoding=\"async\" width=\"1024\" height=\"684\" data-id=\"58906\" src=\"https:\/\/mh.wajax.com\/wp-content\/uploads\/2025\/03\/1-Mezzanine-1-1024x684.jpg\" alt=\"\" class=\"wp-image-58906\" srcset=\"https:\/\/mh.wajax.com\/wp-content\/uploads\/2025\/03\/1-Mezzanine-1-1024x684.jpg 1024w, https:\/\/mh.wajax.com\/wp-content\/uploads\/2025\/03\/1-Mezzanine-1-300x200.jpg 300w, https:\/\/mh.wajax.com\/wp-content\/uploads\/2025\/03\/1-Mezzanine-1-768x513.jpg 768w, https:\/\/mh.wajax.com\/wp-content\/uploads\/2025\/03\/1-Mezzanine-1.jpg 1500w\" sizes=\"auto, (max-width: 1024px) 100vw, 1024px\" \/><\/figure>\n\n\n\n<figure class=\"wp-block-image size-large\"><img loading=\"lazy\" decoding=\"async\" width=\"1024\" height=\"683\" data-id=\"58908\" src=\"https:\/\/mh.wajax.com\/wp-content\/uploads\/2025\/03\/2-Mezzanine-2-1024x683.jpg\" alt=\"\" class=\"wp-image-58908\" srcset=\"https:\/\/mh.wajax.com\/wp-content\/uploads\/2025\/03\/2-Mezzanine-2-1024x683.jpg 1024w, https:\/\/mh.wajax.com\/wp-content\/uploads\/2025\/03\/2-Mezzanine-2-300x200.jpg 300w, https:\/\/mh.wajax.com\/wp-content\/uploads\/2025\/03\/2-Mezzanine-2-768x512.jpg 768w, https:\/\/mh.wajax.com\/wp-content\/uploads\/2025\/03\/2-Mezzanine-2.jpg 1500w\" sizes=\"auto, (max-width: 1024px) 100vw, 1024px\" \/><\/figure>\n\n\n\n<figure class=\"wp-block-image size-large\"><img loading=\"lazy\" decoding=\"async\" width=\"768\" height=\"1024\" data-id=\"58910\" src=\"https:\/\/mh.wajax.com\/wp-content\/uploads\/2025\/03\/3-Shelf-Supported-Catwalk-11-768x1024.jpg\" alt=\"\" class=\"wp-image-58910\" srcset=\"https:\/\/mh.wajax.com\/wp-content\/uploads\/2025\/03\/3-Shelf-Supported-Catwalk-11-768x1024.jpg 768w, https:\/\/mh.wajax.com\/wp-content\/uploads\/2025\/03\/3-Shelf-Supported-Catwalk-11-225x300.jpg 225w, https:\/\/mh.wajax.com\/wp-content\/uploads\/2025\/03\/3-Shelf-Supported-Catwalk-11-1152x1536.jpg 1152w, https:\/\/mh.wajax.com\/wp-content\/uploads\/2025\/03\/3-Shelf-Supported-Catwalk-11.jpg 1500w\" sizes=\"auto, (max-width: 768px) 100vw, 768px\" \/><\/figure>\n\n\n\n<figure class=\"wp-block-image size-large\"><img loading=\"lazy\" decoding=\"async\" width=\"768\" height=\"1024\" data-id=\"58912\" src=\"https:\/\/mh.wajax.com\/wp-content\/uploads\/2025\/03\/4-Shelf-Supported-Catwalk-21-768x1024.jpg\" alt=\"\" class=\"wp-image-58912\" srcset=\"https:\/\/mh.wajax.com\/wp-content\/uploads\/2025\/03\/4-Shelf-Supported-Catwalk-21-768x1024.jpg 768w, https:\/\/mh.wajax.com\/wp-content\/uploads\/2025\/03\/4-Shelf-Supported-Catwalk-21-225x300.jpg 225w, https:\/\/mh.wajax.com\/wp-content\/uploads\/2025\/03\/4-Shelf-Supported-Catwalk-21-1152x1536.jpg 1152w, https:\/\/mh.wajax.com\/wp-content\/uploads\/2025\/03\/4-Shelf-Supported-Catwalk-21.jpg 1500w\" sizes=\"auto, (max-width: 768px) 100vw, 768px\" \/><\/figure>\n<\/figure>\n","protected":false},"excerpt":{"rendered":"<p>Mezzanines Modules de cueillette et passerelles support\u00e9es par des \u00e9tag\u00e8res Passerelles soutenues par les rayonnages<\/p>\n","protected":false},"author":7,"featured_media":0,"parent":59434,"menu_order":0,"comment_status":"closed","ping_status":"closed","template":"","meta":{"_acf_changed":false,"footnotes":""},"class_list":["post-59416","page","type-page","status-publish","hentry"],"acf":[],"yoast_head":"<!-- This site is optimized with the Yoast SEO plugin v27.3 - https:\/\/yoast.com\/product\/yoast-seo-wordpress\/ -->\n<title>Plateformes d\u2019entreposage - Wajax Manutention<\/title>\n<meta name=\"robots\" content=\"index, follow, max-snippet:-1, max-image-preview:large, max-video-preview:-1\" \/>\n<link rel=\"canonical\" href=\"https:\/\/mh.wajax.com\/fr\/entreposage\/plateformes-dentreposage\/\" \/>\n<meta property=\"og:locale\" content=\"fr_FR\" \/>\n<meta property=\"og:type\" content=\"article\" \/>\n<meta property=\"og:title\" content=\"Plateformes d\u2019entreposage - Wajax Manutention\" \/>\n<meta property=\"og:description\" content=\"Mezzanines Modules de cueillette et passerelles support\u00e9es par des \u00e9tag\u00e8res Passerelles soutenues par les rayonnages\" \/>\n<meta property=\"og:url\" content=\"https:\/\/mh.wajax.com\/fr\/entreposage\/plateformes-dentreposage\/\" \/>\n<meta property=\"og:site_name\" content=\"Wajax Manutention\" \/>\n<meta property=\"article:modified_time\" content=\"2025-06-30T12:52:52+00:00\" \/>\n<meta property=\"og:image\" content=\"https:\/\/mh.wajax.com\/wp-content\/uploads\/2025\/03\/1-Mezzanine-1.jpg\" \/>\n\t<meta property=\"og:image:width\" content=\"1500\" \/>\n\t<meta property=\"og:image:height\" content=\"1002\" \/>\n\t<meta property=\"og:image:type\" content=\"image\/jpeg\" \/>\n<meta name=\"twitter:card\" content=\"summary_large_image\" \/>\n<meta name=\"twitter:label1\" content=\"Est. reading time\" \/>\n\t<meta name=\"twitter:data1\" content=\"1 minute\" \/>\n<script type=\"application\/ld+json\" class=\"yoast-schema-graph\">{\"@context\":\"https:\\\/\\\/schema.org\",\"@graph\":[{\"@type\":\"WebPage\",\"@id\":\"https:\\\/\\\/mh.wajax.com\\\/fr\\\/entreposage\\\/plateformes-dentreposage\\\/\",\"url\":\"https:\\\/\\\/mh.wajax.com\\\/fr\\\/entreposage\\\/plateformes-dentreposage\\\/\",\"name\":\"Plateformes d\u2019entreposage - Wajax Manutention\",\"isPartOf\":{\"@id\":\"https:\\\/\\\/mh.wajax.com\\\/fr\\\/#website\"},\"primaryImageOfPage\":{\"@id\":\"https:\\\/\\\/mh.wajax.com\\\/fr\\\/entreposage\\\/plateformes-dentreposage\\\/#primaryimage\"},\"image\":{\"@id\":\"https:\\\/\\\/mh.wajax.com\\\/fr\\\/entreposage\\\/plateformes-dentreposage\\\/#primaryimage\"},\"thumbnailUrl\":\"https:\\\/\\\/mh.wajax.com\\\/wp-content\\\/uploads\\\/2025\\\/03\\\/1-Mezzanine-1-1024x684.jpg\",\"datePublished\":\"2025-03-17T12:32:46+00:00\",\"dateModified\":\"2025-06-30T12:52:52+00:00\",\"breadcrumb\":{\"@id\":\"https:\\\/\\\/mh.wajax.com\\\/fr\\\/entreposage\\\/plateformes-dentreposage\\\/#breadcrumb\"},\"inLanguage\":\"fr-FR\",\"potentialAction\":[{\"@type\":\"ReadAction\",\"target\":[\"https:\\\/\\\/mh.wajax.com\\\/fr\\\/entreposage\\\/plateformes-dentreposage\\\/\"]}]},{\"@type\":\"ImageObject\",\"inLanguage\":\"fr-FR\",\"@id\":\"https:\\\/\\\/mh.wajax.com\\\/fr\\\/entreposage\\\/plateformes-dentreposage\\\/#primaryimage\",\"url\":\"https:\\\/\\\/mh.wajax.com\\\/wp-content\\\/uploads\\\/2025\\\/03\\\/1-Mezzanine-1-1024x684.jpg\",\"contentUrl\":\"https:\\\/\\\/mh.wajax.com\\\/wp-content\\\/uploads\\\/2025\\\/03\\\/1-Mezzanine-1-1024x684.jpg\"},{\"@type\":\"BreadcrumbList\",\"@id\":\"https:\\\/\\\/mh.wajax.com\\\/fr\\\/entreposage\\\/plateformes-dentreposage\\\/#breadcrumb\",\"itemListElement\":[{\"@type\":\"ListItem\",\"position\":1,\"name\":\"Home\",\"item\":\"https:\\\/\\\/mh.wajax.com\\\/fr\\\/\"},{\"@type\":\"ListItem\",\"position\":2,\"name\":\"Entreposage\",\"item\":\"https:\\\/\\\/mh.wajax.com\\\/fr\\\/entreposage\\\/\"},{\"@type\":\"ListItem\",\"position\":3,\"name\":\"Plateformes d\u2019entreposage\"}]},{\"@type\":\"WebSite\",\"@id\":\"https:\\\/\\\/mh.wajax.com\\\/fr\\\/#website\",\"url\":\"https:\\\/\\\/mh.wajax.com\\\/fr\\\/\",\"name\":\"Wajax Manutention\",\"description\":\"Hyster &amp; Yale Forklift Dealer\",\"potentialAction\":[{\"@type\":\"SearchAction\",\"target\":{\"@type\":\"EntryPoint\",\"urlTemplate\":\"https:\\\/\\\/mh.wajax.com\\\/fr\\\/?s={search_term_string}\"},\"query-input\":{\"@type\":\"PropertyValueSpecification\",\"valueRequired\":true,\"valueName\":\"search_term_string\"}}],\"inLanguage\":\"fr-FR\"}]}<\/script>\n<!-- \/ Yoast SEO plugin. -->","yoast_head_json":{"title":"Plateformes d\u2019entreposage - Wajax Manutention","robots":{"index":"index","follow":"follow","max-snippet":"max-snippet:-1","max-image-preview":"max-image-preview:large","max-video-preview":"max-video-preview:-1"},"canonical":"https:\/\/mh.wajax.com\/fr\/entreposage\/plateformes-dentreposage\/","og_locale":"fr_FR","og_type":"article","og_title":"Plateformes d\u2019entreposage - Wajax Manutention","og_description":"Mezzanines Modules de cueillette et passerelles support\u00e9es par des \u00e9tag\u00e8res Passerelles soutenues par les rayonnages","og_url":"https:\/\/mh.wajax.com\/fr\/entreposage\/plateformes-dentreposage\/","og_site_name":"Wajax Manutention","article_modified_time":"2025-06-30T12:52:52+00:00","og_image":[{"width":1500,"height":1002,"url":"https:\/\/mh.wajax.com\/wp-content\/uploads\/2025\/03\/1-Mezzanine-1.jpg","type":"image\/jpeg"}],"twitter_card":"summary_large_image","twitter_misc":{"Est. reading time":"1 minute"},"schema":{"@context":"https:\/\/schema.org","@graph":[{"@type":"WebPage","@id":"https:\/\/mh.wajax.com\/fr\/entreposage\/plateformes-dentreposage\/","url":"https:\/\/mh.wajax.com\/fr\/entreposage\/plateformes-dentreposage\/","name":"Plateformes d\u2019entreposage - Wajax Manutention","isPartOf":{"@id":"https:\/\/mh.wajax.com\/fr\/#website"},"primaryImageOfPage":{"@id":"https:\/\/mh.wajax.com\/fr\/entreposage\/plateformes-dentreposage\/#primaryimage"},"image":{"@id":"https:\/\/mh.wajax.com\/fr\/entreposage\/plateformes-dentreposage\/#primaryimage"},"thumbnailUrl":"https:\/\/mh.wajax.com\/wp-content\/uploads\/2025\/03\/1-Mezzanine-1-1024x684.jpg","datePublished":"2025-03-17T12:32:46+00:00","dateModified":"2025-06-30T12:52:52+00:00","breadcrumb":{"@id":"https:\/\/mh.wajax.com\/fr\/entreposage\/plateformes-dentreposage\/#breadcrumb"},"inLanguage":"fr-FR","potentialAction":[{"@type":"ReadAction","target":["https:\/\/mh.wajax.com\/fr\/entreposage\/plateformes-dentreposage\/"]}]},{"@type":"ImageObject","inLanguage":"fr-FR","@id":"https:\/\/mh.wajax.com\/fr\/entreposage\/plateformes-dentreposage\/#primaryimage","url":"https:\/\/mh.wajax.com\/wp-content\/uploads\/2025\/03\/1-Mezzanine-1-1024x684.jpg","contentUrl":"https:\/\/mh.wajax.com\/wp-content\/uploads\/2025\/03\/1-Mezzanine-1-1024x684.jpg"},{"@type":"BreadcrumbList","@id":"https:\/\/mh.wajax.com\/fr\/entreposage\/plateformes-dentreposage\/#breadcrumb","itemListElement":[{"@type":"ListItem","position":1,"name":"Home","item":"https:\/\/mh.wajax.com\/fr\/"},{"@type":"ListItem","position":2,"name":"Entreposage","item":"https:\/\/mh.wajax.com\/fr\/entreposage\/"},{"@type":"ListItem","position":3,"name":"Plateformes d\u2019entreposage"}]},{"@type":"WebSite","@id":"https:\/\/mh.wajax.com\/fr\/#website","url":"https:\/\/mh.wajax.com\/fr\/","name":"Wajax Manutention","description":"Hyster &amp; Yale Forklift Dealer","potentialAction":[{"@type":"SearchAction","target":{"@type":"EntryPoint","urlTemplate":"https:\/\/mh.wajax.com\/fr\/?s={search_term_string}"},"query-input":{"@type":"PropertyValueSpecification","valueRequired":true,"valueName":"search_term_string"}}],"inLanguage":"fr-FR"}]}},"_links":{"self":[{"href":"https:\/\/mh.wajax.com\/fr\/wp-json\/wp\/v2\/pages\/59416","targetHints":{"allow":["GET"]}}],"collection":[{"href":"https:\/\/mh.wajax.com\/fr\/wp-json\/wp\/v2\/pages"}],"about":[{"href":"https:\/\/mh.wajax.com\/fr\/wp-json\/wp\/v2\/types\/page"}],"author":[{"embeddable":true,"href":"https:\/\/mh.wajax.com\/fr\/wp-json\/wp\/v2\/users\/7"}],"replies":[{"embeddable":true,"href":"https:\/\/mh.wajax.com\/fr\/wp-json\/wp\/v2\/comments?post=59416"}],"version-history":[{"count":0,"href":"https:\/\/mh.wajax.com\/fr\/wp-json\/wp\/v2\/pages\/59416\/revisions"}],"up":[{"embeddable":true,"href":"https:\/\/mh.wajax.com\/fr\/wp-json\/wp\/v2\/pages\/59434"}],"wp:attachment":[{"href":"https:\/\/mh.wajax.com\/fr\/wp-json\/wp\/v2\/media?parent=59416"}],"curies":[{"name":"wp","href":"https:\/\/api.w.org\/{rel}","templated":true}]}}