{"id":59411,"date":"2025-03-27T12:44:04","date_gmt":"2025-03-27T16:44:04","guid":{"rendered":"https:\/\/wajaxmh.wpenginepowered.com\/yale\/"},"modified":"2025-07-09T09:44:53","modified_gmt":"2025-07-09T13:44:53","slug":"yale","status":"publish","type":"page","link":"https:\/\/mh.wajax.com\/fr\/marques\/yale\/","title":{"rendered":"Yale"},"content":{"rendered":"\n<h2 class=\"wp-block-heading\">L\u2019humain, les produits et la productivit\u00e9.<\/h2>\n\n<div class=\"wp-block-columns is-layout-flex wp-container-core-columns-is-layout-9d6595d7 wp-block-columns-is-layout-flex\">\n<div class=\"wp-block-column is-layout-flow wp-block-column-is-layout-flow\" style=\"flex-basis:66.66%\">\n<p>Vous ne le savez peut-\u00eatre pas, mais Yale<sup>MD<\/sup> est l\u2019un des plus anciens fabricants originaux de chariots \u00e9l\u00e9vateurs au monde, \u00e9tant pr\u00e9sent dans le secteur du levage industriel depuis plus de 137\u00a0ans! \u00a0Forte de ses nombreuses ann\u00e9es d\u2019exp\u00e9rience pass\u00e9es \u00e0 aider ses clients \u00e0 relever des d\u00e9fis en mati\u00e8re de manutention, l\u2019entreprise a comme objectif de continuer \u00e0 s\u2019am\u00e9liorer au quotidien afin de vous fournir les solutions dont vous avez besoin, quel que soit le contexte ou l\u2019\u00e9ch\u00e9ancier.<\/p>\n<\/div>\n\n\n\n<div class=\"wp-block-column is-layout-flow wp-block-column-is-layout-flow\" style=\"flex-basis:33.33%\">\n<div style=\"height:20px\" aria-hidden=\"true\" class=\"wp-block-spacer\"><\/div>\n\n\n\n<figure class=\"wp-block-image size-full\"><img decoding=\"async\" src=\"https:\/\/mh.wajax.com\/wp-content\/uploads\/2025\/01\/Yale_Logo.svg\" alt=\"\" class=\"wp-image-58191\"\/><\/figure>\n<\/div>\n<\/div>\n\n<p>Yale poss\u00e8de une exp\u00e9rience in\u00e9gal\u00e9e dans la conception et la fabrication d\u2019une vaste gamme d\u2019\u00e9quipements de manutention, allant des \u00e9quipements d\u2019entrep\u00f4t sp\u00e9cialis\u00e9s aux mod\u00e8les traditionnels de chariots \u00e9l\u00e9vateurs \u00e0 contrepoids \u00e9lectriques, au diesel, au GPL, au GNC et d\u00e9sormais \u00e0 pile \u00e0 combustible \u00e0 hydrog\u00e8ne. Avec ses installations mondiales certifi\u00e9es ISO et ses m\u00e9thodes de conception, de fabrication et d\u2019essai hautement avanc\u00e9es, Yale affiche un engagement sans faille en mati\u00e8re de qualit\u00e9.<\/p>\n\n<p>L\u2019entreprise refuse toutefois de se reposer sur ses lauriers et investit dans la recherche et le d\u00e9veloppement pour s\u2019assurer de continuer \u00e0 surmonter les nouveaux d\u00e9fis de ses clients et de conserver son statut de chef de file de l\u2019industrie.<\/p>\n\n<p>Yale comprend que les \u00e9quipements de manutention ne constituent pas votre activit\u00e9 principale, mais plut\u00f4t un moyen d\u2019atteindre vos objectifs et de g\u00e9rer votre entreprise de mani\u00e8re plus efficace et plus rentable. Tous ses \u00e9quipements de manutention sont con\u00e7us pour am\u00e9liorer la productivit\u00e9 en permettant une manutention optimale des produits finis, des composants et des mati\u00e8res premi\u00e8res tout en garantissant le confort et la s\u00e9curit\u00e9 des op\u00e9rateurs. Estimant que les services qui accompagnent ses \u00e9quipements sont tout aussi importants que les produits eux-m\u00eames, Yale, par l\u2019interm\u00e9diaire de Wajax, offre des programmes de pi\u00e8ces, d\u2019entretien, de financement et de gestion de parcs de v\u00e9hicules con\u00e7us pour maximiser le temps de disponibilit\u00e9 et r\u00e9duire les co\u00fbts d\u2019exploitation.<\/p>\n\n<figure class=\"wp-block-embed is-type-video is-provider-youtube wp-block-embed-youtube wp-embed-aspect-16-9 wp-has-aspect-ratio\"><div class=\"wp-block-embed__wrapper\">\n<iframe loading=\"lazy\" title=\"The Yale\u00ae Brand Essence\" width=\"500\" height=\"281\" src=\"https:\/\/www.youtube.com\/embed\/aJvkIdH9tFU?feature=oembed\" frameborder=\"0\" allow=\"accelerometer; autoplay; clipboard-write; encrypted-media; gyroscope; picture-in-picture; web-share\" referrerpolicy=\"strict-origin-when-cross-origin\" allowfullscreen><\/iframe>\n<\/div><\/figure>\n","protected":false},"excerpt":{"rendered":"<p>L\u2019humain, les produits et la productivit\u00e9. Vous ne le savez peut-\u00eatre pas, mais YaleMD est l\u2019un des plus anciens fabricants originaux de chariots \u00e9l\u00e9vateurs au monde, \u00e9tant pr\u00e9sent dans le secteur du levage industriel depuis plus de 137\u00a0ans! \u00a0Forte de ses nombreuses ann\u00e9es d\u2019exp\u00e9rience pass\u00e9es \u00e0 aider ses clients \u00e0 relever des d\u00e9fis en mati\u00e8re&hellip;<\/p>\n","protected":false},"author":7,"featured_media":0,"parent":59412,"menu_order":0,"comment_status":"closed","ping_status":"closed","template":"","meta":{"_acf_changed":false,"footnotes":""},"class_list":["post-59411","page","type-page","status-publish","hentry"],"acf":[],"yoast_head":"<!-- This site is optimized with the Yoast SEO plugin v27.3 - https:\/\/yoast.com\/product\/yoast-seo-wordpress\/ -->\n<title>Yale - Wajax Manutention<\/title>\n<meta name=\"robots\" content=\"index, follow, max-snippet:-1, max-image-preview:large, max-video-preview:-1\" \/>\n<link rel=\"canonical\" href=\"https:\/\/mh.wajax.com\/fr\/marques\/yale\/\" \/>\n<meta property=\"og:locale\" content=\"fr_FR\" \/>\n<meta property=\"og:type\" content=\"article\" \/>\n<meta property=\"og:title\" content=\"Yale - Wajax Manutention\" \/>\n<meta property=\"og:description\" content=\"L\u2019humain, les produits et la productivit\u00e9. Vous ne le savez peut-\u00eatre pas, mais YaleMD est l\u2019un des plus anciens fabricants originaux de chariots \u00e9l\u00e9vateurs au monde, \u00e9tant pr\u00e9sent dans le secteur du levage industriel depuis plus de 137\u00a0ans! \u00a0Forte de ses nombreuses ann\u00e9es d\u2019exp\u00e9rience pass\u00e9es \u00e0 aider ses clients \u00e0 relever des d\u00e9fis en mati\u00e8re&hellip;\" \/>\n<meta property=\"og:url\" content=\"https:\/\/mh.wajax.com\/fr\/marques\/yale\/\" \/>\n<meta property=\"og:site_name\" content=\"Wajax Manutention\" \/>\n<meta property=\"article:modified_time\" content=\"2025-07-09T13:44:53+00:00\" \/>\n<meta name=\"twitter:card\" content=\"summary_large_image\" \/>\n<meta name=\"twitter:label1\" content=\"Est. reading time\" \/>\n\t<meta name=\"twitter:data1\" content=\"2 minutes\" \/>\n<script type=\"application\/ld+json\" class=\"yoast-schema-graph\">{\"@context\":\"https:\\\/\\\/schema.org\",\"@graph\":[{\"@type\":\"WebPage\",\"@id\":\"https:\\\/\\\/mh.wajax.com\\\/fr\\\/marques\\\/yale\\\/\",\"url\":\"https:\\\/\\\/mh.wajax.com\\\/fr\\\/marques\\\/yale\\\/\",\"name\":\"Yale - Wajax Manutention\",\"isPartOf\":{\"@id\":\"https:\\\/\\\/mh.wajax.com\\\/fr\\\/#website\"},\"primaryImageOfPage\":{\"@id\":\"https:\\\/\\\/mh.wajax.com\\\/fr\\\/marques\\\/yale\\\/#primaryimage\"},\"image\":{\"@id\":\"https:\\\/\\\/mh.wajax.com\\\/fr\\\/marques\\\/yale\\\/#primaryimage\"},\"thumbnailUrl\":\"https:\\\/\\\/mh.wajax.com\\\/wp-content\\\/uploads\\\/2025\\\/01\\\/Yale_Logo.svg\",\"datePublished\":\"2025-03-27T16:44:04+00:00\",\"dateModified\":\"2025-07-09T13:44:53+00:00\",\"breadcrumb\":{\"@id\":\"https:\\\/\\\/mh.wajax.com\\\/fr\\\/marques\\\/yale\\\/#breadcrumb\"},\"inLanguage\":\"fr-FR\",\"potentialAction\":[{\"@type\":\"ReadAction\",\"target\":[\"https:\\\/\\\/mh.wajax.com\\\/fr\\\/marques\\\/yale\\\/\"]}]},{\"@type\":\"ImageObject\",\"inLanguage\":\"fr-FR\",\"@id\":\"https:\\\/\\\/mh.wajax.com\\\/fr\\\/marques\\\/yale\\\/#primaryimage\",\"url\":\"https:\\\/\\\/mh.wajax.com\\\/wp-content\\\/uploads\\\/2025\\\/01\\\/Yale_Logo.svg\",\"contentUrl\":\"https:\\\/\\\/mh.wajax.com\\\/wp-content\\\/uploads\\\/2025\\\/01\\\/Yale_Logo.svg\"},{\"@type\":\"BreadcrumbList\",\"@id\":\"https:\\\/\\\/mh.wajax.com\\\/fr\\\/marques\\\/yale\\\/#breadcrumb\",\"itemListElement\":[{\"@type\":\"ListItem\",\"position\":1,\"name\":\"Home\",\"item\":\"https:\\\/\\\/mh.wajax.com\\\/fr\\\/\"},{\"@type\":\"ListItem\",\"position\":2,\"name\":\"Marques\",\"item\":\"https:\\\/\\\/mh.wajax.com\\\/fr\\\/marques\\\/\"},{\"@type\":\"ListItem\",\"position\":3,\"name\":\"Yale\"}]},{\"@type\":\"WebSite\",\"@id\":\"https:\\\/\\\/mh.wajax.com\\\/fr\\\/#website\",\"url\":\"https:\\\/\\\/mh.wajax.com\\\/fr\\\/\",\"name\":\"Wajax Manutention\",\"description\":\"Hyster &amp; Yale Forklift Dealer\",\"potentialAction\":[{\"@type\":\"SearchAction\",\"target\":{\"@type\":\"EntryPoint\",\"urlTemplate\":\"https:\\\/\\\/mh.wajax.com\\\/fr\\\/?s={search_term_string}\"},\"query-input\":{\"@type\":\"PropertyValueSpecification\",\"valueRequired\":true,\"valueName\":\"search_term_string\"}}],\"inLanguage\":\"fr-FR\"}]}<\/script>\n<!-- \/ Yoast SEO plugin. -->","yoast_head_json":{"title":"Yale - Wajax Manutention","robots":{"index":"index","follow":"follow","max-snippet":"max-snippet:-1","max-image-preview":"max-image-preview:large","max-video-preview":"max-video-preview:-1"},"canonical":"https:\/\/mh.wajax.com\/fr\/marques\/yale\/","og_locale":"fr_FR","og_type":"article","og_title":"Yale - Wajax Manutention","og_description":"L\u2019humain, les produits et la productivit\u00e9. Vous ne le savez peut-\u00eatre pas, mais YaleMD est l\u2019un des plus anciens fabricants originaux de chariots \u00e9l\u00e9vateurs au monde, \u00e9tant pr\u00e9sent dans le secteur du levage industriel depuis plus de 137\u00a0ans! \u00a0Forte de ses nombreuses ann\u00e9es d\u2019exp\u00e9rience pass\u00e9es \u00e0 aider ses clients \u00e0 relever des d\u00e9fis en mati\u00e8re&hellip;","og_url":"https:\/\/mh.wajax.com\/fr\/marques\/yale\/","og_site_name":"Wajax Manutention","article_modified_time":"2025-07-09T13:44:53+00:00","twitter_card":"summary_large_image","twitter_misc":{"Est. reading time":"2 minutes"},"schema":{"@context":"https:\/\/schema.org","@graph":[{"@type":"WebPage","@id":"https:\/\/mh.wajax.com\/fr\/marques\/yale\/","url":"https:\/\/mh.wajax.com\/fr\/marques\/yale\/","name":"Yale - Wajax Manutention","isPartOf":{"@id":"https:\/\/mh.wajax.com\/fr\/#website"},"primaryImageOfPage":{"@id":"https:\/\/mh.wajax.com\/fr\/marques\/yale\/#primaryimage"},"image":{"@id":"https:\/\/mh.wajax.com\/fr\/marques\/yale\/#primaryimage"},"thumbnailUrl":"https:\/\/mh.wajax.com\/wp-content\/uploads\/2025\/01\/Yale_Logo.svg","datePublished":"2025-03-27T16:44:04+00:00","dateModified":"2025-07-09T13:44:53+00:00","breadcrumb":{"@id":"https:\/\/mh.wajax.com\/fr\/marques\/yale\/#breadcrumb"},"inLanguage":"fr-FR","potentialAction":[{"@type":"ReadAction","target":["https:\/\/mh.wajax.com\/fr\/marques\/yale\/"]}]},{"@type":"ImageObject","inLanguage":"fr-FR","@id":"https:\/\/mh.wajax.com\/fr\/marques\/yale\/#primaryimage","url":"https:\/\/mh.wajax.com\/wp-content\/uploads\/2025\/01\/Yale_Logo.svg","contentUrl":"https:\/\/mh.wajax.com\/wp-content\/uploads\/2025\/01\/Yale_Logo.svg"},{"@type":"BreadcrumbList","@id":"https:\/\/mh.wajax.com\/fr\/marques\/yale\/#breadcrumb","itemListElement":[{"@type":"ListItem","position":1,"name":"Home","item":"https:\/\/mh.wajax.com\/fr\/"},{"@type":"ListItem","position":2,"name":"Marques","item":"https:\/\/mh.wajax.com\/fr\/marques\/"},{"@type":"ListItem","position":3,"name":"Yale"}]},{"@type":"WebSite","@id":"https:\/\/mh.wajax.com\/fr\/#website","url":"https:\/\/mh.wajax.com\/fr\/","name":"Wajax Manutention","description":"Hyster &amp; Yale Forklift Dealer","potentialAction":[{"@type":"SearchAction","target":{"@type":"EntryPoint","urlTemplate":"https:\/\/mh.wajax.com\/fr\/?s={search_term_string}"},"query-input":{"@type":"PropertyValueSpecification","valueRequired":true,"valueName":"search_term_string"}}],"inLanguage":"fr-FR"}]}},"_links":{"self":[{"href":"https:\/\/mh.wajax.com\/fr\/wp-json\/wp\/v2\/pages\/59411","targetHints":{"allow":["GET"]}}],"collection":[{"href":"https:\/\/mh.wajax.com\/fr\/wp-json\/wp\/v2\/pages"}],"about":[{"href":"https:\/\/mh.wajax.com\/fr\/wp-json\/wp\/v2\/types\/page"}],"author":[{"embeddable":true,"href":"https:\/\/mh.wajax.com\/fr\/wp-json\/wp\/v2\/users\/7"}],"replies":[{"embeddable":true,"href":"https:\/\/mh.wajax.com\/fr\/wp-json\/wp\/v2\/comments?post=59411"}],"version-history":[{"count":0,"href":"https:\/\/mh.wajax.com\/fr\/wp-json\/wp\/v2\/pages\/59411\/revisions"}],"up":[{"embeddable":true,"href":"https:\/\/mh.wajax.com\/fr\/wp-json\/wp\/v2\/pages\/59412"}],"wp:attachment":[{"href":"https:\/\/mh.wajax.com\/fr\/wp-json\/wp\/v2\/media?parent=59411"}],"curies":[{"name":"wp","href":"https:\/\/api.w.org\/{rel}","templated":true}]}}